{"id":822,"date":"2023-10-29T17:43:47","date_gmt":"2023-10-29T16:43:47","guid":{"rendered":"https:\/\/familycare.disruptia.es\/project-results\/"},"modified":"2026-01-14T19:21:40","modified_gmt":"2026-01-14T18:21:40","slug":"project-results","status":"publish","type":"page","link":"https:\/\/familycare.disruptia.es\/es\/project-results\/","title":{"rendered":"Resultados del Proyecto"},"content":{"rendered":"\t\t<div data-elementor-type=\"wp-page\" data-elementor-id=\"822\" class=\"elementor elementor-822 elementor-23\">\n\t\t\t\t\t\t<section class=\"elementor-section elementor-top-section elementor-element elementor-element-39b909c elementor-section-boxed elementor-section-height-default elementor-section-height-default wpr-particle-no wpr-jarallax-no wpr-parallax-no wpr-sticky-section-no wpr-equal-height-no\" data-id=\"39b909c\" data-element_type=\"section\" data-e-type=\"section\" data-settings=\"{&quot;background_background&quot;:&quot;classic&quot;}\">\n\t\t\t\t\t\t\t<div class=\"elementor-background-overlay\"><\/div>\n\t\t\t\t\t\t\t<div class=\"elementor-container elementor-column-gap-default\">\n\t\t\t\t\t<div class=\"elementor-column elementor-col-100 elementor-top-column elementor-element elementor-element-effba05\" data-id=\"effba05\" data-element_type=\"column\" data-e-type=\"column\">\n\t\t\t<div class=\"elementor-widget-wrap elementor-element-populated\">\n\t\t\t\t\t\t<div class=\"elementor-element elementor-element-e4a92e6 elementor-widget elementor-widget-heading\" data-id=\"e4a92e6\" data-element_type=\"widget\" data-e-type=\"widget\" data-widget_type=\"heading.default\">\n\t\t\t\t<div class=\"elementor-widget-container\">\n\t\t\t\t\t<h2 class=\"elementor-heading-title elementor-size-default\">Resultados del proyecto<\/h2>\t\t\t\t<\/div>\n\t\t\t\t<\/div>\n\t\t\t\t<div class=\"elementor-element elementor-element-46b32e9 elementor-widget elementor-widget-text-editor\" data-id=\"46b32e9\" data-element_type=\"widget\" data-e-type=\"widget\" data-widget_type=\"text-editor.default\">\n\t\t\t\t<div class=\"elementor-widget-container\">\n\t\t\t\t\t\t\t\t\t<p>FAMILY CARE<\/p>\t\t\t\t\t\t\t\t<\/div>\n\t\t\t\t<\/div>\n\t\t\t\t\t<\/div>\n\t\t<\/div>\n\t\t\t\t\t<\/div>\n\t\t<\/section>\n\t\t\t\t<section class=\"wpr-jarallax elementor-section elementor-top-section elementor-element elementor-element-23259c4 wpr-jarallax-yes elementor-section-boxed elementor-section-height-default elementor-section-height-default wpr-particle-no wpr-parallax-no wpr-sticky-section-no wpr-equal-height-no\" speed-data=\"1.4\" bg-image=\"\" bg-image-mobile=\"\" scroll-effect=\"scroll\" data-id=\"23259c4\" data-element_type=\"section\" data-e-type=\"section\" data-settings=\"{&quot;background_background&quot;:&quot;classic&quot;}\">\n\t\t\t\t\t\t<div class=\"elementor-container elementor-column-gap-default\">\n\t\t\t\t\t<div class=\"elementor-column elementor-col-50 elementor-top-column elementor-element elementor-element-f82221b elementor-invisible\" data-id=\"f82221b\" data-element_type=\"column\" data-e-type=\"column\" data-settings=\"{&quot;animation&quot;:&quot;slideInLeft&quot;}\">\n\t\t\t<div class=\"elementor-widget-wrap elementor-element-populated\">\n\t\t\t\t\t\t<div class=\"elementor-element elementor-element-e3a3f27 elementor-widget elementor-widget-heading\" data-id=\"e3a3f27\" data-element_type=\"widget\" data-e-type=\"widget\" data-widget_type=\"heading.default\">\n\t\t\t\t<div class=\"elementor-widget-container\">\n\t\t\t\t\t<h2 class=\"elementor-heading-title elementor-size-default\">Marco Europeo de Competencias en validaci\u00f3n digital de competencias para Cuidadores Familiares <\/h2>\t\t\t\t<\/div>\n\t\t\t\t<\/div>\n\t\t\t\t<div class=\"elementor-element elementor-element-2c8620d elementor-widget elementor-widget-text-editor\" data-id=\"2c8620d\" data-element_type=\"widget\" data-e-type=\"widget\" data-widget_type=\"text-editor.default\">\n\t\t\t\t<div class=\"elementor-widget-container\">\n\t\t\t\t\t\t\t\t\t<p>El Marco Europeo de Competencias tiene como objetivo proporcionar una referencia de competencias en la validaci\u00f3n digital de competencias para Cuidadores Familiares, utilizando un lenguaje com\u00fan para describir competencias, habilidades, conocimientos y niveles de competencia que puedan entenderse en toda Europa, siguiendo los est\u00e1ndares y marcos de referencia europeos como el MEC.<\/p><p>El Marco pretende servir de base com\u00fan para la elaboraci\u00f3n de planes de estudio, directrices curriculares, ex\u00e1menes, libros de texto, etc. en toda Europa. Describir\u00e1 de forma exhaustiva qu\u00e9 deben aprender los alumnos y qu\u00e9 conocimientos y capacidades deben desarrollar para poder actuar con eficacia en la evaluaci\u00f3n digital de los conocimientos y capacidades previos de los alumnos adultos. Proporcionar\u00e1 los medios para que los administradores educativos, los dise\u00f1adores de cursos, los profesores, los formadores de profesores, los organismos examinadores, etc., reflexionen sobre su pr\u00e1ctica actual, con el fin de situar y coordinar sus esfuerzos y garantizar que satisfacen las necesidades reales de los alumnos de los que son responsables.<\/p>\t\t\t\t\t\t\t\t<\/div>\n\t\t\t\t<\/div>\n\t\t\t\t<div class=\"elementor-element elementor-element-a785080 elementor-icon-list--layout-traditional elementor-list-item-link-full_width elementor-widget elementor-widget-icon-list\" data-id=\"a785080\" data-element_type=\"widget\" data-e-type=\"widget\" data-widget_type=\"icon-list.default\">\n\t\t\t\t<div class=\"elementor-widget-container\">\n\t\t\t\t\t\t\t<ul class=\"elementor-icon-list-items\">\n\t\t\t\t\t\t\t<li class=\"elementor-icon-list-item\">\n\t\t\t\t\t\t\t\t\t\t\t<a href=\"https:\/\/familycare.disruptia.es\/wp-content\/uploads\/2025\/07\/Family-Care_WP2_EFC_FINAL.docx.pdf\" target=\"_blank\">\n\n\t\t\t\t\t\t\t\t\t\t\t\t<span class=\"elementor-icon-list-icon\">\n\t\t\t\t\t\t\t<svg aria-hidden=\"true\" class=\"e-font-icon-svg e-fas-check-circle\" viewBox=\"0 0 512 512\" xmlns=\"http:\/\/www.w3.org\/2000\/svg\"><path d=\"M504 256c0 136.967-111.033 248-248 248S8 392.967 8 256 119.033 8 256 8s248 111.033 248 248zM227.314 387.314l184-184c6.248-6.248 6.248-16.379 0-22.627l-22.627-22.627c-6.248-6.249-16.379-6.249-22.628 0L216 308.118l-70.059-70.059c-6.248-6.248-16.379-6.248-22.628 0l-22.627 22.627c-6.248 6.248-6.248 16.379 0 22.627l104 104c6.249 6.249 16.379 6.249 22.628.001z\"><\/path><\/svg>\t\t\t\t\t\t<\/span>\n\t\t\t\t\t\t\t\t\t\t<span class=\"elementor-icon-list-text\">Descargar Marco Europeo de Competencias<\/span>\n\t\t\t\t\t\t\t\t\t\t\t<\/a>\n\t\t\t\t\t\t\t\t\t<\/li>\n\t\t\t\t\t\t<\/ul>\n\t\t\t\t\t\t<\/div>\n\t\t\t\t<\/div>\n\t\t\t\t\t<\/div>\n\t\t<\/div>\n\t\t\t\t<div class=\"elementor-column elementor-col-50 elementor-top-column elementor-element elementor-element-0f65470 elementor-hidden-tablet elementor-hidden-mobile elementor-invisible\" data-id=\"0f65470\" data-element_type=\"column\" data-e-type=\"column\" data-settings=\"{&quot;animation&quot;:&quot;slideInRight&quot;,&quot;animation_delay&quot;:100}\">\n\t\t\t<div class=\"elementor-widget-wrap elementor-element-populated\">\n\t\t\t\t\t\t<div class=\"elementor-element elementor-element-5de006f elementor-widget elementor-widget-image\" data-id=\"5de006f\" data-element_type=\"widget\" data-e-type=\"widget\" data-widget_type=\"image.default\">\n\t\t\t\t<div class=\"elementor-widget-container\">\n\t\t\t\t\t\t\t\t\t\t\t\t\t\t\t<img fetchpriority=\"high\" decoding=\"async\" width=\"800\" height=\"534\" src=\"https:\/\/familycare.disruptia.es\/wp-content\/uploads\/2024\/03\/fcare-2.jpg\" class=\"attachment-large size-large wp-image-599\" alt=\"\" srcset=\"https:\/\/familycare.disruptia.es\/wp-content\/uploads\/2024\/03\/fcare-2.jpg 800w, https:\/\/familycare.disruptia.es\/wp-content\/uploads\/2024\/03\/fcare-2-300x200.jpg 300w, https:\/\/familycare.disruptia.es\/wp-content\/uploads\/2024\/03\/fcare-2-768x513.jpg 768w\" sizes=\"(max-width: 800px) 100vw, 800px\" \/>\t\t\t\t\t\t\t\t\t\t\t\t\t\t\t<\/div>\n\t\t\t\t<\/div>\n\t\t\t\t\t<\/div>\n\t\t<\/div>\n\t\t\t\t\t<\/div>\n\t\t<\/section>\n\t\t\t\t<section class=\"wpr-jarallax elementor-section elementor-top-section elementor-element elementor-element-1fd8fa1 wpr-jarallax-yes elementor-section-boxed elementor-section-height-default elementor-section-height-default wpr-particle-no wpr-parallax-no wpr-sticky-section-no wpr-equal-height-no\" speed-data=\"1.4\" bg-image=\"\" bg-image-mobile=\"\" scroll-effect=\"scroll\" data-id=\"1fd8fa1\" data-element_type=\"section\" data-e-type=\"section\" data-settings=\"{&quot;background_background&quot;:&quot;classic&quot;}\">\n\t\t\t\t\t\t\t<div class=\"elementor-background-overlay\"><\/div>\n\t\t\t\t\t\t\t<div class=\"elementor-container elementor-column-gap-default\">\n\t\t\t\t\t<div class=\"elementor-column elementor-col-50 elementor-top-column elementor-element elementor-element-30ad064 elementor-invisible\" data-id=\"30ad064\" data-element_type=\"column\" data-e-type=\"column\" data-settings=\"{&quot;animation&quot;:&quot;slideInLeft&quot;}\">\n\t\t\t<div class=\"elementor-widget-wrap elementor-element-populated\">\n\t\t\t\t\t\t<div class=\"elementor-element elementor-element-505fe2f elementor-widget elementor-widget-heading\" data-id=\"505fe2f\" data-element_type=\"widget\" data-e-type=\"widget\" data-widget_type=\"heading.default\">\n\t\t\t\t<div class=\"elementor-widget-container\">\n\t\t\t\t\t<h2 class=\"elementor-heading-title elementor-size-default\">CAMPUS virtual de FAMILY CARE y aplicaci\u00f3n m\u00f3vil de evaluaci\u00f3n<\/h2>\t\t\t\t<\/div>\n\t\t\t\t<\/div>\n\t\t\t\t<div class=\"elementor-element elementor-element-b9b70fb elementor-widget elementor-widget-text-editor\" data-id=\"b9b70fb\" data-element_type=\"widget\" data-e-type=\"widget\" data-widget_type=\"text-editor.default\">\n\t\t\t\t<div class=\"elementor-widget-container\">\n\t\t\t\t\t\t\t\t\t<p>El CAMPUS Virtual permitir\u00e1 a los profesores de adultos, asesores y profesionales de la orientaci\u00f3n obtener las competencias necesarias para apoyar a los cuidadores familiares en relaci\u00f3n con la evaluaci\u00f3n digital de los conocimientos y habilidades previos de los estudiantes adultos. Funcionar\u00e1 como un centro de interconexi\u00f3n, intercambio y promoci\u00f3n para las partes interesadas y los grupos destinatarios, con el fin de integrar las actividades y los resultados del proyecto. El impacto esperado de este resultado ser\u00e1, por tanto, mayor a nivel nacional y europeo, facilitando y mejorando el desarrollo de actividades educativas en la validaci\u00f3n digital de las competencias de los cuidadores familiares mediante una herramienta innovadora basada en las TIC, y contribuyendo a crear v\u00edas de mejora de las cualificaciones, mejorando la accesibilidad y aumentando la aceptaci\u00f3n de la educaci\u00f3n de adultos.<\/p><p>El desarrollo de la aplicaci\u00f3n de evaluaci\u00f3n m\u00f3vil es una herramienta pr\u00e1ctica e innovadora basada en las TIC para evaluar las competencias en la validaci\u00f3n digital de competencias para los cuidadores familiares.<\/p>\t\t\t\t\t\t\t\t<\/div>\n\t\t\t\t<\/div>\n\t\t\t\t<div class=\"elementor-element elementor-element-38e84fa elementor-icon-list--layout-traditional elementor-list-item-link-full_width elementor-widget elementor-widget-icon-list\" data-id=\"38e84fa\" data-element_type=\"widget\" data-e-type=\"widget\" data-widget_type=\"icon-list.default\">\n\t\t\t\t<div class=\"elementor-widget-container\">\n\t\t\t\t\t\t\t<ul class=\"elementor-icon-list-items\">\n\t\t\t\t\t\t\t<li class=\"elementor-icon-list-item\">\n\t\t\t\t\t\t\t\t\t\t\t<a href=\"https:\/\/familycarelms.disruptia.es\/es\/\" target=\"_blank\">\n\n\t\t\t\t\t\t\t\t\t\t\t\t<span class=\"elementor-icon-list-icon\">\n\t\t\t\t\t\t\t<svg aria-hidden=\"true\" class=\"e-font-icon-svg e-fas-check-circle\" viewBox=\"0 0 512 512\" xmlns=\"http:\/\/www.w3.org\/2000\/svg\"><path d=\"M504 256c0 136.967-111.033 248-248 248S8 392.967 8 256 119.033 8 256 8s248 111.033 248 248zM227.314 387.314l184-184c6.248-6.248 6.248-16.379 0-22.627l-22.627-22.627c-6.248-6.249-16.379-6.249-22.628 0L216 308.118l-70.059-70.059c-6.248-6.248-16.379-6.248-22.628 0l-22.627 22.627c-6.248 6.248-6.248 16.379 0 22.627l104 104c6.249 6.249 16.379 6.249 22.628.001z\"><\/path><\/svg>\t\t\t\t\t\t<\/span>\n\t\t\t\t\t\t\t\t\t\t<span class=\"elementor-icon-list-text\">Acceder a la plataforma de aprendizaje electr\u00f3nico y a la aplicaci\u00f3n m\u00f3vil de evaluaci\u00f3n<\/span>\n\t\t\t\t\t\t\t\t\t\t\t<\/a>\n\t\t\t\t\t\t\t\t\t<\/li>\n\t\t\t\t\t\t<\/ul>\n\t\t\t\t\t\t<\/div>\n\t\t\t\t<\/div>\n\t\t\t\t\t<\/div>\n\t\t<\/div>\n\t\t\t\t<div class=\"elementor-column elementor-col-50 elementor-top-column elementor-element elementor-element-a91be85 elementor-hidden-tablet elementor-hidden-mobile elementor-invisible\" data-id=\"a91be85\" data-element_type=\"column\" data-e-type=\"column\" data-settings=\"{&quot;animation&quot;:&quot;slideInRight&quot;,&quot;animation_delay&quot;:100}\">\n\t\t\t<div class=\"elementor-widget-wrap elementor-element-populated\">\n\t\t\t\t\t\t<div class=\"elementor-element elementor-element-c9e664b elementor-widget elementor-widget-image\" data-id=\"c9e664b\" data-element_type=\"widget\" data-e-type=\"widget\" data-widget_type=\"image.default\">\n\t\t\t\t<div class=\"elementor-widget-container\">\n\t\t\t\t\t\t\t\t\t\t\t\t\t\t\t<img decoding=\"async\" width=\"800\" height=\"533\" src=\"https:\/\/familycare.disruptia.es\/wp-content\/uploads\/2024\/03\/fcare-3.jpg\" class=\"attachment-large size-large wp-image-604\" alt=\"\" srcset=\"https:\/\/familycare.disruptia.es\/wp-content\/uploads\/2024\/03\/fcare-3.jpg 800w, https:\/\/familycare.disruptia.es\/wp-content\/uploads\/2024\/03\/fcare-3-300x200.jpg 300w, https:\/\/familycare.disruptia.es\/wp-content\/uploads\/2024\/03\/fcare-3-768x512.jpg 768w\" sizes=\"(max-width: 800px) 100vw, 800px\" \/>\t\t\t\t\t\t\t\t\t\t\t\t\t\t\t<\/div>\n\t\t\t\t<\/div>\n\t\t\t\t\t<\/div>\n\t\t<\/div>\n\t\t\t\t\t<\/div>\n\t\t<\/section>\n\t\t\t\t<section class=\"elementor-section elementor-top-section elementor-element elementor-element-b1303d9 elementor-section-boxed elementor-section-height-default elementor-section-height-default wpr-particle-no wpr-jarallax-no wpr-parallax-no wpr-sticky-section-no wpr-equal-height-no\" data-id=\"b1303d9\" data-element_type=\"section\" data-e-type=\"section\" data-settings=\"{&quot;background_background&quot;:&quot;classic&quot;}\">\n\t\t\t\t\t\t\t<div class=\"elementor-background-overlay\"><\/div>\n\t\t\t\t\t\t\t<div class=\"elementor-container elementor-column-gap-wide\">\n\t\t\t\t\t<div class=\"elementor-column elementor-col-50 elementor-top-column elementor-element elementor-element-1d73277\" data-id=\"1d73277\" data-element_type=\"column\" data-e-type=\"column\">\n\t\t\t<div class=\"elementor-widget-wrap elementor-element-populated\">\n\t\t\t\t\t\t<div class=\"elementor-element elementor-element-542e55f elementor-widget elementor-widget-heading\" data-id=\"542e55f\" data-element_type=\"widget\" data-e-type=\"widget\" data-widget_type=\"heading.default\">\n\t\t\t\t<div class=\"elementor-widget-container\">\n\t\t\t\t\t<h2 class=\"elementor-heading-title elementor-size-default\">Directrices y recomendaciones\n<\/h2>\t\t\t\t<\/div>\n\t\t\t\t<\/div>\n\t\t\t\t<div class=\"elementor-element elementor-element-625f0df elementor-widget elementor-widget-text-editor\" data-id=\"625f0df\" data-element_type=\"widget\" data-e-type=\"widget\" data-widget_type=\"text-editor.default\">\n\t\t\t\t<div class=\"elementor-widget-container\">\n\t\t\t\t\t\t\t\t\t<p>Las Directrices y recomendaciones consisten en un conjunto de directrices y recomendaciones para fomentar la transparencia y el reconocimiento en la evaluaci\u00f3n digital de los conocimientos y competencias previos de los estudiantes adultos, estando tambi\u00e9n alineadas con otros instrumentos europeos de transparencia y reconocimiento, como ECVET, EQAVET, EQF o Europass. Este exhaustivo documento de referencia integrar\u00e1 otros resultados, incluyendo los m\u00e9todos de evaluaci\u00f3n dise\u00f1ados en el CAMPUS Virtual, la App de Evaluaci\u00f3n M\u00f3vil y las lecciones aprendidas durante la fase de pilotaje.<\/p>\t\t\t\t\t\t\t\t<\/div>\n\t\t\t\t<\/div>\n\t\t\t\t<div class=\"elementor-element elementor-element-e9386f9 elementor-icon-list--layout-traditional elementor-list-item-link-full_width elementor-widget elementor-widget-icon-list\" data-id=\"e9386f9\" data-element_type=\"widget\" data-e-type=\"widget\" data-widget_type=\"icon-list.default\">\n\t\t\t\t<div class=\"elementor-widget-container\">\n\t\t\t\t\t\t\t<ul class=\"elementor-icon-list-items\">\n\t\t\t\t\t\t\t<li class=\"elementor-icon-list-item\">\n\t\t\t\t\t\t\t\t\t\t\t<a href=\"https:\/\/familycare.disruptia.es\/wp-content\/uploads\/2026\/01\/FC_Guidelines-and-Recommendations_ES.docx-1.pdf\" target=\"_blank\">\n\n\t\t\t\t\t\t\t\t\t\t\t\t<span class=\"elementor-icon-list-icon\">\n\t\t\t\t\t\t\t<svg aria-hidden=\"true\" class=\"e-font-icon-svg e-fas-check-circle\" viewBox=\"0 0 512 512\" xmlns=\"http:\/\/www.w3.org\/2000\/svg\"><path d=\"M504 256c0 136.967-111.033 248-248 248S8 392.967 8 256 119.033 8 256 8s248 111.033 248 248zM227.314 387.314l184-184c6.248-6.248 6.248-16.379 0-22.627l-22.627-22.627c-6.248-6.249-16.379-6.249-22.628 0L216 308.118l-70.059-70.059c-6.248-6.248-16.379-6.248-22.628 0l-22.627 22.627c-6.248 6.248-6.248 16.379 0 22.627l104 104c6.249 6.249 16.379 6.249 22.628.001z\"><\/path><\/svg>\t\t\t\t\t\t<\/span>\n\t\t\t\t\t\t\t\t\t\t<span class=\"elementor-icon-list-text\">Accede a Directrices y Recomendaciones<\/span>\n\t\t\t\t\t\t\t\t\t\t\t<\/a>\n\t\t\t\t\t\t\t\t\t<\/li>\n\t\t\t\t\t\t<\/ul>\n\t\t\t\t\t\t<\/div>\n\t\t\t\t<\/div>\n\t\t\t\t\t<\/div>\n\t\t<\/div>\n\t\t\t\t<div class=\"elementor-column elementor-col-50 elementor-top-column elementor-element elementor-element-8406f64 elementor-hidden-tablet elementor-hidden-mobile\" data-id=\"8406f64\" data-element_type=\"column\" data-e-type=\"column\">\n\t\t\t<div class=\"elementor-widget-wrap elementor-element-populated\">\n\t\t\t\t\t\t<div class=\"elementor-element elementor-element-c4989af elementor-invisible elementor-widget elementor-widget-image\" data-id=\"c4989af\" data-element_type=\"widget\" data-e-type=\"widget\" data-settings=\"{&quot;_animation&quot;:&quot;fadeIn&quot;}\" data-widget_type=\"image.default\">\n\t\t\t\t<div class=\"elementor-widget-container\">\n\t\t\t\t\t\t\t\t\t\t\t\t\t\t\t<img decoding=\"async\" width=\"800\" height=\"450\" src=\"https:\/\/familycare.disruptia.es\/wp-content\/uploads\/2024\/03\/fcare-1.jpg\" class=\"attachment-large size-large wp-image-594\" alt=\"\" srcset=\"https:\/\/familycare.disruptia.es\/wp-content\/uploads\/2024\/03\/fcare-1.jpg 800w, https:\/\/familycare.disruptia.es\/wp-content\/uploads\/2024\/03\/fcare-1-300x169.jpg 300w, https:\/\/familycare.disruptia.es\/wp-content\/uploads\/2024\/03\/fcare-1-768x432.jpg 768w\" sizes=\"(max-width: 800px) 100vw, 800px\" \/>\t\t\t\t\t\t\t\t\t\t\t\t\t\t\t<\/div>\n\t\t\t\t<\/div>\n\t\t\t\t\t<\/div>\n\t\t<\/div>\n\t\t\t\t\t<\/div>\n\t\t<\/section>\n\t\t\t\t<\/div>\n\t\t","protected":false},"excerpt":{"rendered":"<p>Resultados del proyecto FAMILY CARE Marco Europeo de Competencias en validaci\u00f3n digital de competencias para Cuidadores Familiares El Marco Europeo de Competencias tiene como objetivo proporcionar una referencia de competencias en la validaci\u00f3n digital de competencias para Cuidadores Familiares, utilizando un lenguaje com\u00fan para describir competencias, habilidades, conocimientos y niveles de competencia que puedan entenderse en toda Europa, siguiendo los est\u00e1ndares y marcos de referencia europeos como el MEC. El Marco pretende servir de base com\u00fan para la elaboraci\u00f3n de planes de estudio, directrices curriculares, ex\u00e1menes, libros de texto, etc. en toda Europa. Describir\u00e1 de forma exhaustiva qu\u00e9 deben aprender los alumnos y qu\u00e9 conocimientos y capacidades deben desarrollar para poder actuar con eficacia en la evaluaci\u00f3n digital de los conocimientos y capacidades previos de los alumnos adultos. Proporcionar\u00e1 los medios para que los administradores educativos, los dise\u00f1adores de cursos, los profesores, los formadores de profesores, los organismos examinadores, etc., reflexionen sobre su pr\u00e1ctica actual, con el fin de situar y coordinar sus esfuerzos y garantizar que satisfacen las necesidades reales de los alumnos de los que son responsables. Descargar Marco Europeo de Competencias CAMPUS virtual de FAMILY CARE y aplicaci\u00f3n m\u00f3vil de evaluaci\u00f3n El CAMPUS Virtual permitir\u00e1 a los profesores de adultos, asesores y profesionales de la orientaci\u00f3n obtener las competencias necesarias para apoyar a los cuidadores familiares en relaci\u00f3n con la evaluaci\u00f3n digital de los conocimientos y habilidades previos de los estudiantes adultos. Funcionar\u00e1 como un centro de interconexi\u00f3n, intercambio y promoci\u00f3n para las partes interesadas y los grupos destinatarios, con el fin de integrar las actividades y los resultados del proyecto. El impacto esperado de este resultado ser\u00e1, por tanto, mayor a nivel nacional y europeo, facilitando y mejorando el desarrollo de actividades educativas en la validaci\u00f3n digital de las competencias de los cuidadores familiares mediante una herramienta innovadora basada en las TIC, y contribuyendo a crear v\u00edas de mejora de las cualificaciones, mejorando la accesibilidad y aumentando la aceptaci\u00f3n de la educaci\u00f3n de adultos. El desarrollo de la aplicaci\u00f3n de evaluaci\u00f3n m\u00f3vil es una herramienta pr\u00e1ctica e innovadora basada en las TIC para evaluar las competencias en la validaci\u00f3n digital de competencias para los cuidadores familiares. Acceder a la plataforma de aprendizaje electr\u00f3nico y a la aplicaci\u00f3n m\u00f3vil de evaluaci\u00f3n Directrices y recomendaciones Las Directrices y recomendaciones consisten en un conjunto de directrices y recomendaciones para fomentar la transparencia y el reconocimiento en la evaluaci\u00f3n digital de los conocimientos y competencias previos de los estudiantes adultos, estando tambi\u00e9n alineadas con otros instrumentos europeos de transparencia y reconocimiento, como ECVET, EQAVET, EQF o Europass. Este exhaustivo documento de referencia integrar\u00e1 otros resultados, incluyendo los m\u00e9todos de evaluaci\u00f3n dise\u00f1ados en el CAMPUS Virtual, la App de Evaluaci\u00f3n M\u00f3vil y las lecciones aprendidas durante la fase de pilotaje. Accede a Directrices y Recomendaciones<\/p>\n","protected":false},"author":1,"featured_media":0,"parent":0,"menu_order":0,"comment_status":"closed","ping_status":"closed","template":"elementor_header_footer","meta":{"footnotes":""},"class_list":["post-822","page","type-page","status-publish","hentry"],"_links":{"self":[{"href":"https:\/\/familycare.disruptia.es\/es\/wp-json\/wp\/v2\/pages\/822","targetHints":{"allow":["GET"]}}],"collection":[{"href":"https:\/\/familycare.disruptia.es\/es\/wp-json\/wp\/v2\/pages"}],"about":[{"href":"https:\/\/familycare.disruptia.es\/es\/wp-json\/wp\/v2\/types\/page"}],"author":[{"embeddable":true,"href":"https:\/\/familycare.disruptia.es\/es\/wp-json\/wp\/v2\/users\/1"}],"replies":[{"embeddable":true,"href":"https:\/\/familycare.disruptia.es\/es\/wp-json\/wp\/v2\/comments?post=822"}],"version-history":[{"count":11,"href":"https:\/\/familycare.disruptia.es\/es\/wp-json\/wp\/v2\/pages\/822\/revisions"}],"predecessor-version":[{"id":1795,"href":"https:\/\/familycare.disruptia.es\/es\/wp-json\/wp\/v2\/pages\/822\/revisions\/1795"}],"wp:attachment":[{"href":"https:\/\/familycare.disruptia.es\/es\/wp-json\/wp\/v2\/media?parent=822"}],"curies":[{"name":"wp","href":"https:\/\/api.w.org\/{rel}","templated":true}]}}