{"id":820,"date":"2023-10-29T17:43:47","date_gmt":"2023-10-29T16:43:47","guid":{"rendered":"https:\/\/familycare.disruptia.es\/project-results\/"},"modified":"2026-01-14T19:20:16","modified_gmt":"2026-01-14T18:20:16","slug":"project-results","status":"publish","type":"page","link":"https:\/\/familycare.disruptia.es\/lt\/project-results\/","title":{"rendered":"Projekto rezultatai"},"content":{"rendered":"\t\t<div data-elementor-type=\"wp-page\" data-elementor-id=\"820\" class=\"elementor elementor-820 elementor-23\">\n\t\t\t\t\t\t<section class=\"elementor-section elementor-top-section elementor-element elementor-element-39b909c elementor-section-boxed elementor-section-height-default elementor-section-height-default wpr-particle-no wpr-jarallax-no wpr-parallax-no wpr-sticky-section-no wpr-equal-height-no\" data-id=\"39b909c\" data-element_type=\"section\" data-e-type=\"section\" data-settings=\"{&quot;background_background&quot;:&quot;classic&quot;}\">\n\t\t\t\t\t\t\t<div class=\"elementor-background-overlay\"><\/div>\n\t\t\t\t\t\t\t<div class=\"elementor-container elementor-column-gap-default\">\n\t\t\t\t\t<div class=\"elementor-column elementor-col-100 elementor-top-column elementor-element elementor-element-effba05\" data-id=\"effba05\" data-element_type=\"column\" data-e-type=\"column\">\n\t\t\t<div class=\"elementor-widget-wrap elementor-element-populated\">\n\t\t\t\t\t\t<div class=\"elementor-element elementor-element-e4a92e6 elementor-widget elementor-widget-heading\" data-id=\"e4a92e6\" data-element_type=\"widget\" data-e-type=\"widget\" data-widget_type=\"heading.default\">\n\t\t\t\t<div class=\"elementor-widget-container\">\n\t\t\t\t\t<h2 class=\"elementor-heading-title elementor-size-default\">Projekto rezultatai<\/h2>\t\t\t\t<\/div>\n\t\t\t\t<\/div>\n\t\t\t\t<div class=\"elementor-element elementor-element-46b32e9 elementor-widget elementor-widget-text-editor\" data-id=\"46b32e9\" data-element_type=\"widget\" data-e-type=\"widget\" data-widget_type=\"text-editor.default\">\n\t\t\t\t<div class=\"elementor-widget-container\">\n\t\t\t\t\t\t\t\t\t<p>FAMILY CARE<\/p>\t\t\t\t\t\t\t\t<\/div>\n\t\t\t\t<\/div>\n\t\t\t\t\t<\/div>\n\t\t<\/div>\n\t\t\t\t\t<\/div>\n\t\t<\/section>\n\t\t\t\t<section class=\"wpr-jarallax elementor-section elementor-top-section elementor-element elementor-element-23259c4 wpr-jarallax-yes elementor-section-boxed elementor-section-height-default elementor-section-height-default wpr-particle-no wpr-parallax-no wpr-sticky-section-no wpr-equal-height-no\" speed-data=\"1.4\" bg-image=\"\" bg-image-mobile=\"\" scroll-effect=\"scroll\" data-id=\"23259c4\" data-element_type=\"section\" data-e-type=\"section\" data-settings=\"{&quot;background_background&quot;:&quot;classic&quot;}\">\n\t\t\t\t\t\t<div class=\"elementor-container elementor-column-gap-default\">\n\t\t\t\t\t<div class=\"elementor-column elementor-col-50 elementor-top-column elementor-element elementor-element-f82221b elementor-invisible\" data-id=\"f82221b\" data-element_type=\"column\" data-e-type=\"column\" data-settings=\"{&quot;animation&quot;:&quot;slideInLeft&quot;}\">\n\t\t\t<div class=\"elementor-widget-wrap elementor-element-populated\">\n\t\t\t\t\t\t<div class=\"elementor-element elementor-element-e3a3f27 elementor-widget elementor-widget-heading\" data-id=\"e3a3f27\" data-element_type=\"widget\" data-e-type=\"widget\" data-widget_type=\"heading.default\">\n\t\t\t\t<div class=\"elementor-widget-container\">\n\t\t\t\t\t<h2 class=\"elementor-heading-title elementor-size-default\">Europos kompetencij\u0173 sistemos k\u016brimas \u0161eimos pagalbininko skaitmeninio kompetencij\u0173 patvirtinimo srityje<\/h2>\t\t\t\t<\/div>\n\t\t\t\t<\/div>\n\t\t\t\t<div class=\"elementor-element elementor-element-2c8620d elementor-widget elementor-widget-text-editor\" data-id=\"2c8620d\" data-element_type=\"widget\" data-e-type=\"widget\" data-widget_type=\"text-editor.default\">\n\t\t\t\t<div class=\"elementor-widget-container\">\n\t\t\t\t\t\t\t\t\t<p>Europos kompetencij\u0173 sistema siekiama pateikti kompetencij\u0173 nuorod\u0105 skaitmeninio \u0161eimos slaugytoj\u0173 kompetencij\u0173 patvirtinimo srityje, naudojant bendr\u0105 kalb\u0105 kompetencijoms, geb\u0117jimams, \u012fg\u016bd\u017eiams, \u017einioms ir kvalifikacijos lygiams apib\u016bdinti, kuri b\u016bt\u0173 suprantama visoje Europoje, vadovaujantis Europos standartais ir nuorod\u0173 sistemomis, pvz., EKS.<br \/><br \/>Siekiama, kad sistema tapt\u0173 bendru pagrindu rengiant mokymo programas, mokymo program\u0173 gaires, egzaminus, vadov\u0117lius ir t. t. visoje Europoje. Joje bus i\u0161samiai apra\u0161yta, ko besimokantieji turi i\u0161mokti ir kokias \u017einias bei \u012fg\u016bd\u017eius turi \u012fgyti, kad gal\u0117t\u0173 veiksmingai veikti skaitmeniniu b\u016bdu vertindami suaugusi\u0173j\u0173 besimokan\u010di\u0173j\u0173 ankstesnes \u017einias ir \u012fg\u016bd\u017eius. Joje bus numatytos priemon\u0117s \u0161vietimo administratoriams, kurs\u0173 reng\u0117jams, mokytojams, mokytojams instruktoriams, egzaminavimo \u012fstaigoms ir kt. apm\u0105styti savo dabartin\u0119 praktik\u0105, kad b\u016bt\u0173 galima nustatyti ir koordinuoti j\u0173 pastangas ir u\u017etikrinti, kad jos atitikt\u0173 tikruosius besimokan\u010di\u0173j\u0173, u\u017e kuriuos jie yra atsakingi, poreikius.<\/p>\t\t\t\t\t\t\t\t<\/div>\n\t\t\t\t<\/div>\n\t\t\t\t<div class=\"elementor-element elementor-element-a785080 elementor-icon-list--layout-traditional elementor-list-item-link-full_width elementor-widget elementor-widget-icon-list\" data-id=\"a785080\" data-element_type=\"widget\" data-e-type=\"widget\" data-widget_type=\"icon-list.default\">\n\t\t\t\t<div class=\"elementor-widget-container\">\n\t\t\t\t\t\t\t<ul class=\"elementor-icon-list-items\">\n\t\t\t\t\t\t\t<li class=\"elementor-icon-list-item\">\n\t\t\t\t\t\t\t\t\t\t\t<a href=\"https:\/\/familycare.disruptia.es\/wp-content\/uploads\/2025\/07\/Family-Care_WP2_EFC_FINAL.docx.pdf\" target=\"_blank\">\n\n\t\t\t\t\t\t\t\t\t\t\t\t<span class=\"elementor-icon-list-icon\">\n\t\t\t\t\t\t\t<svg aria-hidden=\"true\" class=\"e-font-icon-svg e-fas-check-circle\" viewBox=\"0 0 512 512\" xmlns=\"http:\/\/www.w3.org\/2000\/svg\"><path d=\"M504 256c0 136.967-111.033 248-248 248S8 392.967 8 256 119.033 8 256 8s248 111.033 248 248zM227.314 387.314l184-184c6.248-6.248 6.248-16.379 0-22.627l-22.627-22.627c-6.248-6.249-16.379-6.249-22.628 0L216 308.118l-70.059-70.059c-6.248-6.248-16.379-6.248-22.628 0l-22.627 22.627c-6.248 6.248-6.248 16.379 0 22.627l104 104c6.249 6.249 16.379 6.249 22.628.001z\"><\/path><\/svg>\t\t\t\t\t\t<\/span>\n\t\t\t\t\t\t\t\t\t\t<span class=\"elementor-icon-list-text\">Atsisi\u0173skite Europos kompetencij\u0173 sistem\u0105<\/span>\n\t\t\t\t\t\t\t\t\t\t\t<\/a>\n\t\t\t\t\t\t\t\t\t<\/li>\n\t\t\t\t\t\t<\/ul>\n\t\t\t\t\t\t<\/div>\n\t\t\t\t<\/div>\n\t\t\t\t\t<\/div>\n\t\t<\/div>\n\t\t\t\t<div class=\"elementor-column elementor-col-50 elementor-top-column elementor-element elementor-element-0f65470 elementor-hidden-tablet elementor-hidden-mobile elementor-invisible\" data-id=\"0f65470\" data-element_type=\"column\" data-e-type=\"column\" data-settings=\"{&quot;animation&quot;:&quot;slideInRight&quot;,&quot;animation_delay&quot;:100}\">\n\t\t\t<div class=\"elementor-widget-wrap elementor-element-populated\">\n\t\t\t\t\t\t<div class=\"elementor-element elementor-element-5de006f elementor-widget elementor-widget-image\" data-id=\"5de006f\" data-element_type=\"widget\" data-e-type=\"widget\" data-widget_type=\"image.default\">\n\t\t\t\t<div class=\"elementor-widget-container\">\n\t\t\t\t\t\t\t\t\t\t\t\t\t\t\t<img fetchpriority=\"high\" decoding=\"async\" width=\"800\" height=\"534\" src=\"https:\/\/familycare.disruptia.es\/wp-content\/uploads\/2024\/03\/fcare-2.jpg\" class=\"attachment-large size-large wp-image-597\" alt=\"\" srcset=\"https:\/\/familycare.disruptia.es\/wp-content\/uploads\/2024\/03\/fcare-2.jpg 800w, https:\/\/familycare.disruptia.es\/wp-content\/uploads\/2024\/03\/fcare-2-300x200.jpg 300w, https:\/\/familycare.disruptia.es\/wp-content\/uploads\/2024\/03\/fcare-2-768x513.jpg 768w\" sizes=\"(max-width: 800px) 100vw, 800px\" \/>\t\t\t\t\t\t\t\t\t\t\t\t\t\t\t<\/div>\n\t\t\t\t<\/div>\n\t\t\t\t\t<\/div>\n\t\t<\/div>\n\t\t\t\t\t<\/div>\n\t\t<\/section>\n\t\t\t\t<section class=\"wpr-jarallax elementor-section elementor-top-section elementor-element elementor-element-1fd8fa1 wpr-jarallax-yes elementor-section-boxed elementor-section-height-default elementor-section-height-default wpr-particle-no wpr-parallax-no wpr-sticky-section-no wpr-equal-height-no\" speed-data=\"1.4\" bg-image=\"\" bg-image-mobile=\"\" scroll-effect=\"scroll\" data-id=\"1fd8fa1\" data-element_type=\"section\" data-e-type=\"section\" data-settings=\"{&quot;background_background&quot;:&quot;classic&quot;}\">\n\t\t\t\t\t\t\t<div class=\"elementor-background-overlay\"><\/div>\n\t\t\t\t\t\t\t<div class=\"elementor-container elementor-column-gap-default\">\n\t\t\t\t\t<div class=\"elementor-column elementor-col-50 elementor-top-column elementor-element elementor-element-30ad064 elementor-invisible\" data-id=\"30ad064\" data-element_type=\"column\" data-e-type=\"column\" data-settings=\"{&quot;animation&quot;:&quot;slideInLeft&quot;}\">\n\t\t\t<div class=\"elementor-widget-wrap elementor-element-populated\">\n\t\t\t\t\t\t<div class=\"elementor-element elementor-element-505fe2f elementor-widget elementor-widget-heading\" data-id=\"505fe2f\" data-element_type=\"widget\" data-e-type=\"widget\" data-widget_type=\"heading.default\">\n\t\t\t\t<div class=\"elementor-widget-container\">\n\t\t\t\t\t<h2 class=\"elementor-heading-title elementor-size-default\">FAMILY CARE virtualaus miestelis ir mobilioji vertinimo program\u0117l\u0117\n<\/h2>\t\t\t\t<\/div>\n\t\t\t\t<\/div>\n\t\t\t\t<div class=\"elementor-element elementor-element-b9b70fb elementor-widget elementor-widget-text-editor\" data-id=\"b9b70fb\" data-element_type=\"widget\" data-e-type=\"widget\" data-widget_type=\"text-editor.default\">\n\t\t\t\t<div class=\"elementor-widget-container\">\n\t\t\t\t\t\t\t\t\t<p>Virtualus miestelis leis suaugusi\u0173j\u0173 mokytojams, konsultantams ir profesinio orientavimo specialistams \u012fgyti kompetencij\u0173, reikaling\u0173 teikiant pagalb\u0105 \u0161eimos pagalbininkams, susijusi\u0105 su skaitmeniniu suaugusi\u0173j\u0173 besimokan\u010di\u0173j\u0173 ankstesni\u0173 \u017eini\u0173 ir \u012fg\u016bd\u017ei\u0173 vertinimu. Jis veiks kaip suinteresuot\u0173j\u0173 \u0161ali\u0173 ir tikslini\u0173 grupi\u0173 tinkl\u0173 k\u016brimo, dalijimosi ir skatinimo centras, skirtas projekto veiklai ir rezultatams integruoti. Taip bus padidintas tik\u0117tinas \u0161io rezultato poveikis nacionaliniu ir Europos lygmeniu, palengvintas ir pagerintas \u0161vietimo veiklos vystymas skaitmeninio \u0161eim\u0173 pagalbinink\u0173 kompetencij\u0173 patvirtinimo srityje naudojant naujovi\u0161k\u0105 IRT pagr\u012fst\u0105 priemon\u0119, taip pat bus prisid\u0117ta prie kvalifikacijos k\u0117limo b\u016bd\u0173 k\u016brimo, prieinamumo gerinimo ir suaugusi\u0173j\u0173 \u0161vietimo didinimo.<br \/><br \/>Mobiliosios vertinimo program\u0117l\u0117s k\u016brimas &#8211; tai praktin\u0117 ir novatori\u0161ka IRT pagr\u012fsta priemon\u0117, skirta \u0161eimos pagalbinink\u0173 skaitmeninio kompetencij\u0173 patvirtinimo kompetencijoms vertinti.<\/p>\t\t\t\t\t\t\t\t<\/div>\n\t\t\t\t<\/div>\n\t\t\t\t<div class=\"elementor-element elementor-element-38e84fa elementor-icon-list--layout-traditional elementor-list-item-link-full_width elementor-widget elementor-widget-icon-list\" data-id=\"38e84fa\" data-element_type=\"widget\" data-e-type=\"widget\" data-widget_type=\"icon-list.default\">\n\t\t\t\t<div class=\"elementor-widget-container\">\n\t\t\t\t\t\t\t<ul class=\"elementor-icon-list-items\">\n\t\t\t\t\t\t\t<li class=\"elementor-icon-list-item\">\n\t\t\t\t\t\t\t\t\t\t\t<a href=\"https:\/\/familycarelms.disruptia.es\/lt\/\" target=\"_blank\">\n\n\t\t\t\t\t\t\t\t\t\t\t\t<span class=\"elementor-icon-list-icon\">\n\t\t\t\t\t\t\t<svg aria-hidden=\"true\" class=\"e-font-icon-svg e-fas-check-circle\" viewBox=\"0 0 512 512\" xmlns=\"http:\/\/www.w3.org\/2000\/svg\"><path d=\"M504 256c0 136.967-111.033 248-248 248S8 392.967 8 256 119.033 8 256 8s248 111.033 248 248zM227.314 387.314l184-184c6.248-6.248 6.248-16.379 0-22.627l-22.627-22.627c-6.248-6.249-16.379-6.249-22.628 0L216 308.118l-70.059-70.059c-6.248-6.248-16.379-6.248-22.628 0l-22.627 22.627c-6.248 6.248-6.248 16.379 0 22.627l104 104c6.249 6.249 16.379 6.249 22.628.001z\"><\/path><\/svg>\t\t\t\t\t\t<\/span>\n\t\t\t\t\t\t\t\t\t\t<span class=\"elementor-icon-list-text\">Prieiga prie e. mokymosi platformos ir mobiliojo vertinimo program\u0117l\u0117s<\/span>\n\t\t\t\t\t\t\t\t\t\t\t<\/a>\n\t\t\t\t\t\t\t\t\t<\/li>\n\t\t\t\t\t\t<\/ul>\n\t\t\t\t\t\t<\/div>\n\t\t\t\t<\/div>\n\t\t\t\t\t<\/div>\n\t\t<\/div>\n\t\t\t\t<div class=\"elementor-column elementor-col-50 elementor-top-column elementor-element elementor-element-a91be85 elementor-hidden-tablet elementor-hidden-mobile elementor-invisible\" data-id=\"a91be85\" data-element_type=\"column\" data-e-type=\"column\" data-settings=\"{&quot;animation&quot;:&quot;slideInRight&quot;,&quot;animation_delay&quot;:100}\">\n\t\t\t<div class=\"elementor-widget-wrap elementor-element-populated\">\n\t\t\t\t\t\t<div class=\"elementor-element elementor-element-c9e664b elementor-widget elementor-widget-image\" data-id=\"c9e664b\" data-element_type=\"widget\" data-e-type=\"widget\" data-widget_type=\"image.default\">\n\t\t\t\t<div class=\"elementor-widget-container\">\n\t\t\t\t\t\t\t\t\t\t\t\t\t\t\t<img decoding=\"async\" width=\"800\" height=\"533\" src=\"https:\/\/familycare.disruptia.es\/wp-content\/uploads\/2024\/03\/fcare-3.jpg\" class=\"attachment-large size-large wp-image-602\" alt=\"\" srcset=\"https:\/\/familycare.disruptia.es\/wp-content\/uploads\/2024\/03\/fcare-3.jpg 800w, https:\/\/familycare.disruptia.es\/wp-content\/uploads\/2024\/03\/fcare-3-300x200.jpg 300w, https:\/\/familycare.disruptia.es\/wp-content\/uploads\/2024\/03\/fcare-3-768x512.jpg 768w\" sizes=\"(max-width: 800px) 100vw, 800px\" \/>\t\t\t\t\t\t\t\t\t\t\t\t\t\t\t<\/div>\n\t\t\t\t<\/div>\n\t\t\t\t\t<\/div>\n\t\t<\/div>\n\t\t\t\t\t<\/div>\n\t\t<\/section>\n\t\t\t\t<section class=\"elementor-section elementor-top-section elementor-element elementor-element-b1303d9 elementor-section-boxed elementor-section-height-default elementor-section-height-default wpr-particle-no wpr-jarallax-no wpr-parallax-no wpr-sticky-section-no wpr-equal-height-no\" data-id=\"b1303d9\" data-element_type=\"section\" data-e-type=\"section\" data-settings=\"{&quot;background_background&quot;:&quot;classic&quot;}\">\n\t\t\t\t\t\t\t<div class=\"elementor-background-overlay\"><\/div>\n\t\t\t\t\t\t\t<div class=\"elementor-container elementor-column-gap-wide\">\n\t\t\t\t\t<div class=\"elementor-column elementor-col-50 elementor-top-column elementor-element elementor-element-1d73277\" data-id=\"1d73277\" data-element_type=\"column\" data-e-type=\"column\">\n\t\t\t<div class=\"elementor-widget-wrap elementor-element-populated\">\n\t\t\t\t\t\t<div class=\"elementor-element elementor-element-542e55f elementor-widget elementor-widget-heading\" data-id=\"542e55f\" data-element_type=\"widget\" data-e-type=\"widget\" data-widget_type=\"heading.default\">\n\t\t\t\t<div class=\"elementor-widget-container\">\n\t\t\t\t\t<h2 class=\"elementor-heading-title elementor-size-default\">Gair\u0117s ir Rekomendacijos\n<\/h2>\t\t\t\t<\/div>\n\t\t\t\t<\/div>\n\t\t\t\t<div class=\"elementor-element elementor-element-625f0df elementor-widget elementor-widget-text-editor\" data-id=\"625f0df\" data-element_type=\"widget\" data-e-type=\"widget\" data-widget_type=\"text-editor.default\">\n\t\t\t\t<div class=\"elementor-widget-container\">\n\t\t\t\t\t\t\t\t\t<p>Gaires ir rekomendacijas sudaro gairi\u0173 ir rekomendacij\u0173 rinkinys, skirtas suaugusi\u0173j\u0173 besimokan\u010di\u0173j\u0173 ankstesni\u0173 \u017eini\u0173 ir \u012fg\u016bd\u017ei\u0173 skaitmeninio vertinimo skaidrumui ir pripa\u017einimui skatinti, taip pat suderintas su kitomis Europos skaidrumo ir pripa\u017einimo priemon\u0117mis, pavyzd\u017eiui, ECVET, EQAVET, EKS ar Europass. \u012e \u0161\u012f i\u0161sam\u0173 informacin\u012f dokument\u0105 bus \u012ftraukti kiti rezultatai, \u012fskaitant vertinimo metodus, sukurtus virtualiame CAMPUS, mobili\u0105j\u0105 vertinimo program\u0117l\u0119 ir bandomojo etapo metu \u012fgyt\u0105 patirt\u012f.<\/p>\t\t\t\t\t\t\t\t<\/div>\n\t\t\t\t<\/div>\n\t\t\t\t<div class=\"elementor-element elementor-element-e9386f9 elementor-icon-list--layout-traditional elementor-list-item-link-full_width elementor-widget elementor-widget-icon-list\" data-id=\"e9386f9\" data-element_type=\"widget\" data-e-type=\"widget\" data-widget_type=\"icon-list.default\">\n\t\t\t\t<div class=\"elementor-widget-container\">\n\t\t\t\t\t\t\t<ul class=\"elementor-icon-list-items\">\n\t\t\t\t\t\t\t<li class=\"elementor-icon-list-item\">\n\t\t\t\t\t\t\t\t\t\t\t<a href=\"https:\/\/familycare.disruptia.es\/wp-content\/uploads\/2026\/01\/FC_Guidelines-and-Recommendations_LT.docx-1.pdf\" target=\"_blank\">\n\n\t\t\t\t\t\t\t\t\t\t\t\t<span class=\"elementor-icon-list-icon\">\n\t\t\t\t\t\t\t<svg aria-hidden=\"true\" class=\"e-font-icon-svg e-fas-check-circle\" viewBox=\"0 0 512 512\" xmlns=\"http:\/\/www.w3.org\/2000\/svg\"><path d=\"M504 256c0 136.967-111.033 248-248 248S8 392.967 8 256 119.033 8 256 8s248 111.033 248 248zM227.314 387.314l184-184c6.248-6.248 6.248-16.379 0-22.627l-22.627-22.627c-6.248-6.249-16.379-6.249-22.628 0L216 308.118l-70.059-70.059c-6.248-6.248-16.379-6.248-22.628 0l-22.627 22.627c-6.248 6.248-6.248 16.379 0 22.627l104 104c6.249 6.249 16.379 6.249 22.628.001z\"><\/path><\/svg>\t\t\t\t\t\t<\/span>\n\t\t\t\t\t\t\t\t\t\t<span class=\"elementor-icon-list-text\">Prieiga prie Gair\u0117s ir Rekomendacijos<\/span>\n\t\t\t\t\t\t\t\t\t\t\t<\/a>\n\t\t\t\t\t\t\t\t\t<\/li>\n\t\t\t\t\t\t<\/ul>\n\t\t\t\t\t\t<\/div>\n\t\t\t\t<\/div>\n\t\t\t\t\t<\/div>\n\t\t<\/div>\n\t\t\t\t<div class=\"elementor-column elementor-col-50 elementor-top-column elementor-element elementor-element-8406f64 elementor-hidden-tablet elementor-hidden-mobile\" data-id=\"8406f64\" data-element_type=\"column\" data-e-type=\"column\">\n\t\t\t<div class=\"elementor-widget-wrap elementor-element-populated\">\n\t\t\t\t\t\t<div class=\"elementor-element elementor-element-c4989af elementor-invisible elementor-widget elementor-widget-image\" data-id=\"c4989af\" data-element_type=\"widget\" data-e-type=\"widget\" data-settings=\"{&quot;_animation&quot;:&quot;fadeIn&quot;}\" data-widget_type=\"image.default\">\n\t\t\t\t<div class=\"elementor-widget-container\">\n\t\t\t\t\t\t\t\t\t\t\t\t\t\t\t<img decoding=\"async\" width=\"800\" height=\"450\" src=\"https:\/\/familycare.disruptia.es\/wp-content\/uploads\/2024\/03\/fcare-1.jpg\" class=\"attachment-large size-large wp-image-592\" alt=\"\" srcset=\"https:\/\/familycare.disruptia.es\/wp-content\/uploads\/2024\/03\/fcare-1.jpg 800w, https:\/\/familycare.disruptia.es\/wp-content\/uploads\/2024\/03\/fcare-1-300x169.jpg 300w, https:\/\/familycare.disruptia.es\/wp-content\/uploads\/2024\/03\/fcare-1-768x432.jpg 768w\" sizes=\"(max-width: 800px) 100vw, 800px\" \/>\t\t\t\t\t\t\t\t\t\t\t\t\t\t\t<\/div>\n\t\t\t\t<\/div>\n\t\t\t\t\t<\/div>\n\t\t<\/div>\n\t\t\t\t\t<\/div>\n\t\t<\/section>\n\t\t\t\t<\/div>\n\t\t","protected":false},"excerpt":{"rendered":"<p>Projekto rezultatai FAMILY CARE Europos kompetencij\u0173 sistemos k\u016brimas \u0161eimos pagalbininko skaitmeninio kompetencij\u0173 patvirtinimo srityje Europos kompetencij\u0173 sistema siekiama pateikti kompetencij\u0173 nuorod\u0105 skaitmeninio \u0161eimos slaugytoj\u0173 kompetencij\u0173 patvirtinimo srityje, naudojant bendr\u0105 kalb\u0105 kompetencijoms, geb\u0117jimams, \u012fg\u016bd\u017eiams, \u017einioms ir kvalifikacijos lygiams apib\u016bdinti, kuri b\u016bt\u0173 suprantama visoje Europoje, vadovaujantis Europos standartais ir nuorod\u0173 sistemomis, pvz., EKS. Siekiama, kad sistema tapt\u0173 bendru pagrindu rengiant mokymo programas, mokymo program\u0173 gaires, egzaminus, vadov\u0117lius ir t. t. visoje Europoje. Joje bus i\u0161samiai apra\u0161yta, ko besimokantieji turi i\u0161mokti ir kokias \u017einias bei \u012fg\u016bd\u017eius turi \u012fgyti, kad gal\u0117t\u0173 veiksmingai veikti skaitmeniniu b\u016bdu vertindami suaugusi\u0173j\u0173 besimokan\u010di\u0173j\u0173 ankstesnes \u017einias ir \u012fg\u016bd\u017eius. Joje bus numatytos priemon\u0117s \u0161vietimo administratoriams, kurs\u0173 reng\u0117jams, mokytojams, mokytojams instruktoriams, egzaminavimo \u012fstaigoms ir kt. apm\u0105styti savo dabartin\u0119 praktik\u0105, kad b\u016bt\u0173 galima nustatyti ir koordinuoti j\u0173 pastangas ir u\u017etikrinti, kad jos atitikt\u0173 tikruosius besimokan\u010di\u0173j\u0173, u\u017e kuriuos jie yra atsakingi, poreikius. Atsisi\u0173skite Europos kompetencij\u0173 sistem\u0105 FAMILY CARE virtualaus miestelis ir mobilioji vertinimo program\u0117l\u0117 Virtualus miestelis leis suaugusi\u0173j\u0173 mokytojams, konsultantams ir profesinio orientavimo specialistams \u012fgyti kompetencij\u0173, reikaling\u0173 teikiant pagalb\u0105 \u0161eimos pagalbininkams, susijusi\u0105 su skaitmeniniu suaugusi\u0173j\u0173 besimokan\u010di\u0173j\u0173 ankstesni\u0173 \u017eini\u0173 ir \u012fg\u016bd\u017ei\u0173 vertinimu. Jis veiks kaip suinteresuot\u0173j\u0173 \u0161ali\u0173 ir tikslini\u0173 grupi\u0173 tinkl\u0173 k\u016brimo, dalijimosi ir skatinimo centras, skirtas projekto veiklai ir rezultatams integruoti. Taip bus padidintas tik\u0117tinas \u0161io rezultato poveikis nacionaliniu ir Europos lygmeniu, palengvintas ir pagerintas \u0161vietimo veiklos vystymas skaitmeninio \u0161eim\u0173 pagalbinink\u0173 kompetencij\u0173 patvirtinimo srityje naudojant naujovi\u0161k\u0105 IRT pagr\u012fst\u0105 priemon\u0119, taip pat bus prisid\u0117ta prie kvalifikacijos k\u0117limo b\u016bd\u0173 k\u016brimo, prieinamumo gerinimo ir suaugusi\u0173j\u0173 \u0161vietimo didinimo. Mobiliosios vertinimo program\u0117l\u0117s k\u016brimas &#8211; tai praktin\u0117 ir novatori\u0161ka IRT pagr\u012fsta priemon\u0117, skirta \u0161eimos pagalbinink\u0173 skaitmeninio kompetencij\u0173 patvirtinimo kompetencijoms vertinti. Prieiga prie e. mokymosi platformos ir mobiliojo vertinimo program\u0117l\u0117s Gair\u0117s ir Rekomendacijos Gaires ir rekomendacijas sudaro gairi\u0173 ir rekomendacij\u0173 rinkinys, skirtas suaugusi\u0173j\u0173 besimokan\u010di\u0173j\u0173 ankstesni\u0173 \u017eini\u0173 ir \u012fg\u016bd\u017ei\u0173 skaitmeninio vertinimo skaidrumui ir pripa\u017einimui skatinti, taip pat suderintas su kitomis Europos skaidrumo ir pripa\u017einimo priemon\u0117mis, pavyzd\u017eiui, ECVET, EQAVET, EKS ar Europass. \u012e \u0161\u012f i\u0161sam\u0173 informacin\u012f dokument\u0105 bus \u012ftraukti kiti rezultatai, \u012fskaitant vertinimo metodus, sukurtus virtualiame CAMPUS, mobili\u0105j\u0105 vertinimo program\u0117l\u0119 ir bandomojo etapo metu \u012fgyt\u0105 patirt\u012f. Prieiga prie Gair\u0117s ir Rekomendacijos<\/p>\n","protected":false},"author":1,"featured_media":0,"parent":0,"menu_order":0,"comment_status":"closed","ping_status":"closed","template":"elementor_header_footer","meta":{"footnotes":""},"class_list":["post-820","page","type-page","status-publish","hentry"],"_links":{"self":[{"href":"https:\/\/familycare.disruptia.es\/lt\/wp-json\/wp\/v2\/pages\/820","targetHints":{"allow":["GET"]}}],"collection":[{"href":"https:\/\/familycare.disruptia.es\/lt\/wp-json\/wp\/v2\/pages"}],"about":[{"href":"https:\/\/familycare.disruptia.es\/lt\/wp-json\/wp\/v2\/types\/page"}],"author":[{"embeddable":true,"href":"https:\/\/familycare.disruptia.es\/lt\/wp-json\/wp\/v2\/users\/1"}],"replies":[{"embeddable":true,"href":"https:\/\/familycare.disruptia.es\/lt\/wp-json\/wp\/v2\/comments?post=820"}],"version-history":[{"count":14,"href":"https:\/\/familycare.disruptia.es\/lt\/wp-json\/wp\/v2\/pages\/820\/revisions"}],"predecessor-version":[{"id":1789,"href":"https:\/\/familycare.disruptia.es\/lt\/wp-json\/wp\/v2\/pages\/820\/revisions\/1789"}],"wp:attachment":[{"href":"https:\/\/familycare.disruptia.es\/lt\/wp-json\/wp\/v2\/media?parent=820"}],"curies":[{"name":"wp","href":"https:\/\/api.w.org\/{rel}","templated":true}]}}