{"id":821,"date":"2023-10-29T17:43:47","date_gmt":"2023-10-29T16:43:47","guid":{"rendered":"https:\/\/familycare.disruptia.es\/project-results\/"},"modified":"2026-01-14T19:20:54","modified_gmt":"2026-01-14T18:20:54","slug":"project-results","status":"publish","type":"page","link":"https:\/\/familycare.disruptia.es\/pl\/project-results\/","title":{"rendered":"Wyniki projektu"},"content":{"rendered":"\t\t<div data-elementor-type=\"wp-page\" data-elementor-id=\"821\" class=\"elementor elementor-821 elementor-23\">\n\t\t\t\t\t\t<section class=\"elementor-section elementor-top-section elementor-element elementor-element-39b909c elementor-section-boxed elementor-section-height-default elementor-section-height-default wpr-particle-no wpr-jarallax-no wpr-parallax-no wpr-sticky-section-no wpr-equal-height-no\" data-id=\"39b909c\" data-element_type=\"section\" data-e-type=\"section\" data-settings=\"{&quot;background_background&quot;:&quot;classic&quot;}\">\n\t\t\t\t\t\t\t<div class=\"elementor-background-overlay\"><\/div>\n\t\t\t\t\t\t\t<div class=\"elementor-container elementor-column-gap-default\">\n\t\t\t\t\t<div class=\"elementor-column elementor-col-100 elementor-top-column elementor-element elementor-element-effba05\" data-id=\"effba05\" data-element_type=\"column\" data-e-type=\"column\">\n\t\t\t<div class=\"elementor-widget-wrap elementor-element-populated\">\n\t\t\t\t\t\t<div class=\"elementor-element elementor-element-e4a92e6 elementor-widget elementor-widget-heading\" data-id=\"e4a92e6\" data-element_type=\"widget\" data-e-type=\"widget\" data-widget_type=\"heading.default\">\n\t\t\t\t<div class=\"elementor-widget-container\">\n\t\t\t\t\t<h2 class=\"elementor-heading-title elementor-size-default\">Wyniki projektu<\/h2>\t\t\t\t<\/div>\n\t\t\t\t<\/div>\n\t\t\t\t<div class=\"elementor-element elementor-element-46b32e9 elementor-widget elementor-widget-text-editor\" data-id=\"46b32e9\" data-element_type=\"widget\" data-e-type=\"widget\" data-widget_type=\"text-editor.default\">\n\t\t\t\t<div class=\"elementor-widget-container\">\n\t\t\t\t\t\t\t\t\t<p>FAMILY CARE<\/p>\t\t\t\t\t\t\t\t<\/div>\n\t\t\t\t<\/div>\n\t\t\t\t\t<\/div>\n\t\t<\/div>\n\t\t\t\t\t<\/div>\n\t\t<\/section>\n\t\t\t\t<section class=\"wpr-jarallax elementor-section elementor-top-section elementor-element elementor-element-23259c4 wpr-jarallax-yes elementor-section-boxed elementor-section-height-default elementor-section-height-default wpr-particle-no wpr-parallax-no wpr-sticky-section-no wpr-equal-height-no\" speed-data=\"1.4\" bg-image=\"\" bg-image-mobile=\"\" scroll-effect=\"scroll\" data-id=\"23259c4\" data-element_type=\"section\" data-e-type=\"section\" data-settings=\"{&quot;background_background&quot;:&quot;classic&quot;}\">\n\t\t\t\t\t\t<div class=\"elementor-container elementor-column-gap-default\">\n\t\t\t\t\t<div class=\"elementor-column elementor-col-50 elementor-top-column elementor-element elementor-element-f82221b elementor-invisible\" data-id=\"f82221b\" data-element_type=\"column\" data-e-type=\"column\" data-settings=\"{&quot;animation&quot;:&quot;slideInLeft&quot;}\">\n\t\t\t<div class=\"elementor-widget-wrap elementor-element-populated\">\n\t\t\t\t\t\t<div class=\"elementor-element elementor-element-e3a3f27 elementor-widget elementor-widget-heading\" data-id=\"e3a3f27\" data-element_type=\"widget\" data-e-type=\"widget\" data-widget_type=\"heading.default\">\n\t\t\t\t<div class=\"elementor-widget-container\">\n\t\t\t\t\t<h2 class=\"elementor-heading-title elementor-size-default\">Europejskie Ramy Kompetencji w cyfrowej walidacji kompetencji opiekun\u00f3w rodzinnych<\/h2>\t\t\t\t<\/div>\n\t\t\t\t<\/div>\n\t\t\t\t<div class=\"elementor-element elementor-element-2c8620d elementor-widget elementor-widget-text-editor\" data-id=\"2c8620d\" data-element_type=\"widget\" data-e-type=\"widget\" data-widget_type=\"text-editor.default\">\n\t\t\t\t<div class=\"elementor-widget-container\">\n\t\t\t\t\t\t\t\t\t<p>Europejskie Ramy Kompetencji maj\u0105 na celu zapewnienie odniesienia kompetencji w cyfrowej walidacji kompetencji opiekun\u00f3w rodzinnych, przy u\u017cyciu wsp\u00f3lnego j\u0119zyka do opisania kompetencji, umiej\u0119tno\u015bci, wiedzy i poziom\u00f3w bieg\u0142o\u015bci, kt\u00f3re mog\u0105 by\u0107 rozumiane w ca\u0142ej Europie, zgodnie z europejskimi standardami i ramami odniesienia, takimi jak EQF.<\/p><p>Ramy maj\u0105 s\u0142u\u017cy\u0107 jako wsp\u00f3lna podstawa do opracowania program\u00f3w nauczania, wytycznych dotycz\u0105cych program\u00f3w nauczania, egzamin\u00f3w, podr\u0119cznik\u00f3w itp. w ca\u0142ej Europie. Opisuj\u0105 one w spos\u00f3b kompleksowy, czego ucz\u0105cy si\u0119 musz\u0105 si\u0119 nauczy\u0107 oraz jak\u0105 wiedz\u0119 i umiej\u0119tno\u015bci musz\u0105 rozwin\u0105\u0107, aby m\u00f3c skutecznie dzia\u0142a\u0107 w zakresie cyfrowej oceny wcze\u015bniejszej wiedzy i umiej\u0119tno\u015bci doros\u0142ych s\u0142uchaczy. Zapewni to \u015brodki dla administrator\u00f3w edukacyjnych, projektant\u00f3w kurs\u00f3w, nauczycieli, trener\u00f3w nauczycieli, organ\u00f3w egzaminacyjnych itp. do refleksji nad ich obecn\u0105 praktyk\u0105, w celu umiejscowienia i skoordynowania ich wysi\u0142k\u00f3w oraz zapewnienia, \u017ce spe\u0142niaj\u0105 one rzeczywiste potrzeby ucz\u0105cych si\u0119, za kt\u00f3rych s\u0105 odpowiedzialni.<\/p>\t\t\t\t\t\t\t\t<\/div>\n\t\t\t\t<\/div>\n\t\t\t\t<div class=\"elementor-element elementor-element-a785080 elementor-icon-list--layout-traditional elementor-list-item-link-full_width elementor-widget elementor-widget-icon-list\" data-id=\"a785080\" data-element_type=\"widget\" data-e-type=\"widget\" data-widget_type=\"icon-list.default\">\n\t\t\t\t<div class=\"elementor-widget-container\">\n\t\t\t\t\t\t\t<ul class=\"elementor-icon-list-items\">\n\t\t\t\t\t\t\t<li class=\"elementor-icon-list-item\">\n\t\t\t\t\t\t\t\t\t\t\t<a href=\"https:\/\/familycare.disruptia.es\/wp-content\/uploads\/2025\/07\/Family-Care_WP2_EFC_FINAL.docx.pdf\" target=\"_blank\">\n\n\t\t\t\t\t\t\t\t\t\t\t\t<span class=\"elementor-icon-list-icon\">\n\t\t\t\t\t\t\t<svg aria-hidden=\"true\" class=\"e-font-icon-svg e-fas-check-circle\" viewBox=\"0 0 512 512\" xmlns=\"http:\/\/www.w3.org\/2000\/svg\"><path d=\"M504 256c0 136.967-111.033 248-248 248S8 392.967 8 256 119.033 8 256 8s248 111.033 248 248zM227.314 387.314l184-184c6.248-6.248 6.248-16.379 0-22.627l-22.627-22.627c-6.248-6.249-16.379-6.249-22.628 0L216 308.118l-70.059-70.059c-6.248-6.248-16.379-6.248-22.628 0l-22.627 22.627c-6.248 6.248-6.248 16.379 0 22.627l104 104c6.249 6.249 16.379 6.249 22.628.001z\"><\/path><\/svg>\t\t\t\t\t\t<\/span>\n\t\t\t\t\t\t\t\t\t\t<span class=\"elementor-icon-list-text\">Pobierz europejskie ramy kompetencji<\/span>\n\t\t\t\t\t\t\t\t\t\t\t<\/a>\n\t\t\t\t\t\t\t\t\t<\/li>\n\t\t\t\t\t\t<\/ul>\n\t\t\t\t\t\t<\/div>\n\t\t\t\t<\/div>\n\t\t\t\t\t<\/div>\n\t\t<\/div>\n\t\t\t\t<div class=\"elementor-column elementor-col-50 elementor-top-column elementor-element elementor-element-0f65470 elementor-hidden-tablet elementor-hidden-mobile elementor-invisible\" data-id=\"0f65470\" data-element_type=\"column\" data-e-type=\"column\" data-settings=\"{&quot;animation&quot;:&quot;slideInRight&quot;,&quot;animation_delay&quot;:100}\">\n\t\t\t<div class=\"elementor-widget-wrap elementor-element-populated\">\n\t\t\t\t\t\t<div class=\"elementor-element elementor-element-5de006f elementor-widget elementor-widget-image\" data-id=\"5de006f\" data-element_type=\"widget\" data-e-type=\"widget\" data-widget_type=\"image.default\">\n\t\t\t\t<div class=\"elementor-widget-container\">\n\t\t\t\t\t\t\t\t\t\t\t\t\t\t\t<img fetchpriority=\"high\" decoding=\"async\" width=\"800\" height=\"534\" src=\"https:\/\/familycare.disruptia.es\/wp-content\/uploads\/2024\/03\/fcare-2.jpg\" class=\"attachment-large size-large wp-image-598\" alt=\"\" srcset=\"https:\/\/familycare.disruptia.es\/wp-content\/uploads\/2024\/03\/fcare-2.jpg 800w, https:\/\/familycare.disruptia.es\/wp-content\/uploads\/2024\/03\/fcare-2-300x200.jpg 300w, https:\/\/familycare.disruptia.es\/wp-content\/uploads\/2024\/03\/fcare-2-768x513.jpg 768w\" sizes=\"(max-width: 800px) 100vw, 800px\" \/>\t\t\t\t\t\t\t\t\t\t\t\t\t\t\t<\/div>\n\t\t\t\t<\/div>\n\t\t\t\t\t<\/div>\n\t\t<\/div>\n\t\t\t\t\t<\/div>\n\t\t<\/section>\n\t\t\t\t<section class=\"wpr-jarallax elementor-section elementor-top-section elementor-element elementor-element-1fd8fa1 wpr-jarallax-yes elementor-section-boxed elementor-section-height-default elementor-section-height-default wpr-particle-no wpr-parallax-no wpr-sticky-section-no wpr-equal-height-no\" speed-data=\"1.4\" bg-image=\"\" bg-image-mobile=\"\" scroll-effect=\"scroll\" data-id=\"1fd8fa1\" data-element_type=\"section\" data-e-type=\"section\" data-settings=\"{&quot;background_background&quot;:&quot;classic&quot;}\">\n\t\t\t\t\t\t\t<div class=\"elementor-background-overlay\"><\/div>\n\t\t\t\t\t\t\t<div class=\"elementor-container elementor-column-gap-default\">\n\t\t\t\t\t<div class=\"elementor-column elementor-col-50 elementor-top-column elementor-element elementor-element-30ad064 elementor-invisible\" data-id=\"30ad064\" data-element_type=\"column\" data-e-type=\"column\" data-settings=\"{&quot;animation&quot;:&quot;slideInLeft&quot;}\">\n\t\t\t<div class=\"elementor-widget-wrap elementor-element-populated\">\n\t\t\t\t\t\t<div class=\"elementor-element elementor-element-505fe2f elementor-widget elementor-widget-heading\" data-id=\"505fe2f\" data-element_type=\"widget\" data-e-type=\"widget\" data-widget_type=\"heading.default\">\n\t\t\t\t<div class=\"elementor-widget-container\">\n\t\t\t\t\t<h2 class=\"elementor-heading-title elementor-size-default\">Wirtualny Kampus FAMILY CARE i mobilna aplikacja do oceny\n<\/h2>\t\t\t\t<\/div>\n\t\t\t\t<\/div>\n\t\t\t\t<div class=\"elementor-element elementor-element-b9b70fb elementor-widget elementor-widget-text-editor\" data-id=\"b9b70fb\" data-element_type=\"widget\" data-e-type=\"widget\" data-widget_type=\"text-editor.default\">\n\t\t\t\t<div class=\"elementor-widget-container\">\n\t\t\t\t\t\t\t\t\t<p>Wirtualny KAMPUS umo\u017cliwi nauczycielom os\u00f3b doros\u0142ych, doradcom i specjalistom ds. poradnictwa uzyskanie kompetencji w zakresie wspierania opiekun\u00f3w rodzinnych w odniesieniu do cyfrowej oceny wcze\u015bniejszej wiedzy i umiej\u0119tno\u015bci doros\u0142ych uczni\u00f3w. B\u0119dzie dzia\u0142a\u0107 jako centrum sieci, wymiany i promocji dla interesariuszy i grup docelowych, w celu w\u0142\u0105czenia dzia\u0142a\u0144 i wynik\u00f3w projektu do g\u0142\u00f3wnego nurtu. Oczekiwany wp\u0142yw tego rezultatu zostanie w ten spos\u00f3b wzmocniony na poziomie krajowym i europejskim, u\u0142atwiaj\u0105c i usprawniaj\u0105c rozw\u00f3j dzia\u0142a\u0144 edukacyjnych w zakresie cyfrowej walidacji kompetencji opiekun\u00f3w rodzinnych za pomoc\u0105 innowacyjnego narz\u0119dzia opartego na technologiach informacyjno-komunikacyjnych oraz przyczyniaj\u0105c si\u0119 do tworzenia \u015bcie\u017cek podnoszenia kwalifikacji, poprawy dost\u0119pno\u015bci i zwi\u0119kszenia wykorzystania edukacji doros\u0142ych.<br \/>Aplikacja do oceny mobilnej to praktyczne i innowacyjne narz\u0119dzie oparte na technologiach informacyjno-komunikacyjnych do oceny kompetencji w zakresie cyfrowej walidacji kompetencji opiekun\u00f3w rodzinnych.<\/p>\t\t\t\t\t\t\t\t<\/div>\n\t\t\t\t<\/div>\n\t\t\t\t<div class=\"elementor-element elementor-element-38e84fa elementor-icon-list--layout-traditional elementor-list-item-link-full_width elementor-widget elementor-widget-icon-list\" data-id=\"38e84fa\" data-element_type=\"widget\" data-e-type=\"widget\" data-widget_type=\"icon-list.default\">\n\t\t\t\t<div class=\"elementor-widget-container\">\n\t\t\t\t\t\t\t<ul class=\"elementor-icon-list-items\">\n\t\t\t\t\t\t\t<li class=\"elementor-icon-list-item\">\n\t\t\t\t\t\t\t\t\t\t\t<a href=\"https:\/\/familycarelms.disruptia.es\/pl\/\" target=\"_blank\">\n\n\t\t\t\t\t\t\t\t\t\t\t\t<span class=\"elementor-icon-list-icon\">\n\t\t\t\t\t\t\t<svg aria-hidden=\"true\" class=\"e-font-icon-svg e-fas-check-circle\" viewBox=\"0 0 512 512\" xmlns=\"http:\/\/www.w3.org\/2000\/svg\"><path d=\"M504 256c0 136.967-111.033 248-248 248S8 392.967 8 256 119.033 8 256 8s248 111.033 248 248zM227.314 387.314l184-184c6.248-6.248 6.248-16.379 0-22.627l-22.627-22.627c-6.248-6.249-16.379-6.249-22.628 0L216 308.118l-70.059-70.059c-6.248-6.248-16.379-6.248-22.628 0l-22.627 22.627c-6.248 6.248-6.248 16.379 0 22.627l104 104c6.249 6.249 16.379 6.249 22.628.001z\"><\/path><\/svg>\t\t\t\t\t\t<\/span>\n\t\t\t\t\t\t\t\t\t\t<span class=\"elementor-icon-list-text\">Dost\u0119p do platformy e-learningowej i aplikacji mobilnej do oceny<\/span>\n\t\t\t\t\t\t\t\t\t\t\t<\/a>\n\t\t\t\t\t\t\t\t\t<\/li>\n\t\t\t\t\t\t<\/ul>\n\t\t\t\t\t\t<\/div>\n\t\t\t\t<\/div>\n\t\t\t\t\t<\/div>\n\t\t<\/div>\n\t\t\t\t<div class=\"elementor-column elementor-col-50 elementor-top-column elementor-element elementor-element-a91be85 elementor-hidden-tablet elementor-hidden-mobile elementor-invisible\" data-id=\"a91be85\" data-element_type=\"column\" data-e-type=\"column\" data-settings=\"{&quot;animation&quot;:&quot;slideInRight&quot;,&quot;animation_delay&quot;:100}\">\n\t\t\t<div class=\"elementor-widget-wrap elementor-element-populated\">\n\t\t\t\t\t\t<div class=\"elementor-element elementor-element-c9e664b elementor-widget elementor-widget-image\" data-id=\"c9e664b\" data-element_type=\"widget\" data-e-type=\"widget\" data-widget_type=\"image.default\">\n\t\t\t\t<div class=\"elementor-widget-container\">\n\t\t\t\t\t\t\t\t\t\t\t\t\t\t\t<img decoding=\"async\" width=\"800\" height=\"533\" src=\"https:\/\/familycare.disruptia.es\/wp-content\/uploads\/2024\/03\/fcare-3.jpg\" class=\"attachment-large size-large wp-image-603\" alt=\"\" srcset=\"https:\/\/familycare.disruptia.es\/wp-content\/uploads\/2024\/03\/fcare-3.jpg 800w, https:\/\/familycare.disruptia.es\/wp-content\/uploads\/2024\/03\/fcare-3-300x200.jpg 300w, https:\/\/familycare.disruptia.es\/wp-content\/uploads\/2024\/03\/fcare-3-768x512.jpg 768w\" sizes=\"(max-width: 800px) 100vw, 800px\" \/>\t\t\t\t\t\t\t\t\t\t\t\t\t\t\t<\/div>\n\t\t\t\t<\/div>\n\t\t\t\t\t<\/div>\n\t\t<\/div>\n\t\t\t\t\t<\/div>\n\t\t<\/section>\n\t\t\t\t<section class=\"elementor-section elementor-top-section elementor-element elementor-element-b1303d9 elementor-section-boxed elementor-section-height-default elementor-section-height-default wpr-particle-no wpr-jarallax-no wpr-parallax-no wpr-sticky-section-no wpr-equal-height-no\" data-id=\"b1303d9\" data-element_type=\"section\" data-e-type=\"section\" data-settings=\"{&quot;background_background&quot;:&quot;classic&quot;}\">\n\t\t\t\t\t\t\t<div class=\"elementor-background-overlay\"><\/div>\n\t\t\t\t\t\t\t<div class=\"elementor-container elementor-column-gap-wide\">\n\t\t\t\t\t<div class=\"elementor-column elementor-col-50 elementor-top-column elementor-element elementor-element-1d73277\" data-id=\"1d73277\" data-element_type=\"column\" data-e-type=\"column\">\n\t\t\t<div class=\"elementor-widget-wrap elementor-element-populated\">\n\t\t\t\t\t\t<div class=\"elementor-element elementor-element-542e55f elementor-widget elementor-widget-heading\" data-id=\"542e55f\" data-element_type=\"widget\" data-e-type=\"widget\" data-widget_type=\"heading.default\">\n\t\t\t\t<div class=\"elementor-widget-container\">\n\t\t\t\t\t<h2 class=\"elementor-heading-title elementor-size-default\">Wytyczne i Zalecenia<\/h2>\t\t\t\t<\/div>\n\t\t\t\t<\/div>\n\t\t\t\t<div class=\"elementor-element elementor-element-625f0df elementor-widget elementor-widget-text-editor\" data-id=\"625f0df\" data-element_type=\"widget\" data-e-type=\"widget\" data-widget_type=\"text-editor.default\">\n\t\t\t\t<div class=\"elementor-widget-container\">\n\t\t\t\t\t\t\t\t\t<p>Wytyczne i zalecenia sk\u0142adaj\u0105 si\u0119 z zestawu wytycznych i zalece\u0144 maj\u0105cych na celu wspieranie przejrzysto\u015bci i uznawania cyfrowej oceny wcze\u015bniejszej wiedzy i umiej\u0119tno\u015bci doros\u0142ych s\u0142uchaczy, a tak\u017ce s\u0105 dostosowane do innych europejskich instrument\u00f3w przejrzysto\u015bci i uznawania, takich jak ECVET, EQAVET, EQF lub Europass. Ten kompleksowy dokument referencyjny zintegruje inne wyniki, w tym metody oceny opracowane w Virtual CAMPUS, aplikacj\u0119 do oceny mobilnej oraz wnioski wyci\u0105gni\u0119te podczas fazy pilota\u017cowej.<\/p>\t\t\t\t\t\t\t\t<\/div>\n\t\t\t\t<\/div>\n\t\t\t\t<div class=\"elementor-element elementor-element-e9386f9 elementor-icon-list--layout-traditional elementor-list-item-link-full_width elementor-widget elementor-widget-icon-list\" data-id=\"e9386f9\" data-element_type=\"widget\" data-e-type=\"widget\" data-widget_type=\"icon-list.default\">\n\t\t\t\t<div class=\"elementor-widget-container\">\n\t\t\t\t\t\t\t<ul class=\"elementor-icon-list-items\">\n\t\t\t\t\t\t\t<li class=\"elementor-icon-list-item\">\n\t\t\t\t\t\t\t\t\t\t\t<a href=\"https:\/\/familycare.disruptia.es\/wp-content\/uploads\/2026\/01\/FC_Guidelines-and-Recommendations.PL_.docx-1.pdf\" target=\"_blank\">\n\n\t\t\t\t\t\t\t\t\t\t\t\t<span class=\"elementor-icon-list-icon\">\n\t\t\t\t\t\t\t<svg aria-hidden=\"true\" class=\"e-font-icon-svg e-fas-check-circle\" viewBox=\"0 0 512 512\" xmlns=\"http:\/\/www.w3.org\/2000\/svg\"><path d=\"M504 256c0 136.967-111.033 248-248 248S8 392.967 8 256 119.033 8 256 8s248 111.033 248 248zM227.314 387.314l184-184c6.248-6.248 6.248-16.379 0-22.627l-22.627-22.627c-6.248-6.249-16.379-6.249-22.628 0L216 308.118l-70.059-70.059c-6.248-6.248-16.379-6.248-22.628 0l-22.627 22.627c-6.248 6.248-6.248 16.379 0 22.627l104 104c6.249 6.249 16.379 6.249 22.628.001z\"><\/path><\/svg>\t\t\t\t\t\t<\/span>\n\t\t\t\t\t\t\t\t\t\t<span class=\"elementor-icon-list-text\">Wytyczne i zalecenia dotycz\u0105ce dost\u0119pu<\/span>\n\t\t\t\t\t\t\t\t\t\t\t<\/a>\n\t\t\t\t\t\t\t\t\t<\/li>\n\t\t\t\t\t\t<\/ul>\n\t\t\t\t\t\t<\/div>\n\t\t\t\t<\/div>\n\t\t\t\t\t<\/div>\n\t\t<\/div>\n\t\t\t\t<div class=\"elementor-column elementor-col-50 elementor-top-column elementor-element elementor-element-8406f64 elementor-hidden-tablet elementor-hidden-mobile\" data-id=\"8406f64\" data-element_type=\"column\" data-e-type=\"column\">\n\t\t\t<div class=\"elementor-widget-wrap elementor-element-populated\">\n\t\t\t\t\t\t<div class=\"elementor-element elementor-element-c4989af elementor-invisible elementor-widget elementor-widget-image\" data-id=\"c4989af\" data-element_type=\"widget\" data-e-type=\"widget\" data-settings=\"{&quot;_animation&quot;:&quot;fadeIn&quot;}\" data-widget_type=\"image.default\">\n\t\t\t\t<div class=\"elementor-widget-container\">\n\t\t\t\t\t\t\t\t\t\t\t\t\t\t\t<img decoding=\"async\" width=\"800\" height=\"450\" src=\"https:\/\/familycare.disruptia.es\/wp-content\/uploads\/2024\/03\/fcare-1.jpg\" class=\"attachment-large size-large wp-image-593\" alt=\"\" srcset=\"https:\/\/familycare.disruptia.es\/wp-content\/uploads\/2024\/03\/fcare-1.jpg 800w, https:\/\/familycare.disruptia.es\/wp-content\/uploads\/2024\/03\/fcare-1-300x169.jpg 300w, https:\/\/familycare.disruptia.es\/wp-content\/uploads\/2024\/03\/fcare-1-768x432.jpg 768w\" sizes=\"(max-width: 800px) 100vw, 800px\" \/>\t\t\t\t\t\t\t\t\t\t\t\t\t\t\t<\/div>\n\t\t\t\t<\/div>\n\t\t\t\t\t<\/div>\n\t\t<\/div>\n\t\t\t\t\t<\/div>\n\t\t<\/section>\n\t\t\t\t<\/div>\n\t\t","protected":false},"excerpt":{"rendered":"<p>Wyniki projektu FAMILY CARE Europejskie Ramy Kompetencji w cyfrowej walidacji kompetencji opiekun\u00f3w rodzinnych Europejskie Ramy Kompetencji maj\u0105 na celu zapewnienie odniesienia kompetencji w cyfrowej walidacji kompetencji opiekun\u00f3w rodzinnych, przy u\u017cyciu wsp\u00f3lnego j\u0119zyka do opisania kompetencji, umiej\u0119tno\u015bci, wiedzy i poziom\u00f3w bieg\u0142o\u015bci, kt\u00f3re mog\u0105 by\u0107 rozumiane w ca\u0142ej Europie, zgodnie z europejskimi standardami i ramami odniesienia, takimi jak EQF. Ramy maj\u0105 s\u0142u\u017cy\u0107 jako wsp\u00f3lna podstawa do opracowania program\u00f3w nauczania, wytycznych dotycz\u0105cych program\u00f3w nauczania, egzamin\u00f3w, podr\u0119cznik\u00f3w itp. w ca\u0142ej Europie. Opisuj\u0105 one w spos\u00f3b kompleksowy, czego ucz\u0105cy si\u0119 musz\u0105 si\u0119 nauczy\u0107 oraz jak\u0105 wiedz\u0119 i umiej\u0119tno\u015bci musz\u0105 rozwin\u0105\u0107, aby m\u00f3c skutecznie dzia\u0142a\u0107 w zakresie cyfrowej oceny wcze\u015bniejszej wiedzy i umiej\u0119tno\u015bci doros\u0142ych s\u0142uchaczy. Zapewni to \u015brodki dla administrator\u00f3w edukacyjnych, projektant\u00f3w kurs\u00f3w, nauczycieli, trener\u00f3w nauczycieli, organ\u00f3w egzaminacyjnych itp. do refleksji nad ich obecn\u0105 praktyk\u0105, w celu umiejscowienia i skoordynowania ich wysi\u0142k\u00f3w oraz zapewnienia, \u017ce spe\u0142niaj\u0105 one rzeczywiste potrzeby ucz\u0105cych si\u0119, za kt\u00f3rych s\u0105 odpowiedzialni. Pobierz europejskie ramy kompetencji Wirtualny Kampus FAMILY CARE i mobilna aplikacja do oceny Wirtualny KAMPUS umo\u017cliwi nauczycielom os\u00f3b doros\u0142ych, doradcom i specjalistom ds. poradnictwa uzyskanie kompetencji w zakresie wspierania opiekun\u00f3w rodzinnych w odniesieniu do cyfrowej oceny wcze\u015bniejszej wiedzy i umiej\u0119tno\u015bci doros\u0142ych uczni\u00f3w. B\u0119dzie dzia\u0142a\u0107 jako centrum sieci, wymiany i promocji dla interesariuszy i grup docelowych, w celu w\u0142\u0105czenia dzia\u0142a\u0144 i wynik\u00f3w projektu do g\u0142\u00f3wnego nurtu. Oczekiwany wp\u0142yw tego rezultatu zostanie w ten spos\u00f3b wzmocniony na poziomie krajowym i europejskim, u\u0142atwiaj\u0105c i usprawniaj\u0105c rozw\u00f3j dzia\u0142a\u0144 edukacyjnych w zakresie cyfrowej walidacji kompetencji opiekun\u00f3w rodzinnych za pomoc\u0105 innowacyjnego narz\u0119dzia opartego na technologiach informacyjno-komunikacyjnych oraz przyczyniaj\u0105c si\u0119 do tworzenia \u015bcie\u017cek podnoszenia kwalifikacji, poprawy dost\u0119pno\u015bci i zwi\u0119kszenia wykorzystania edukacji doros\u0142ych.Aplikacja do oceny mobilnej to praktyczne i innowacyjne narz\u0119dzie oparte na technologiach informacyjno-komunikacyjnych do oceny kompetencji w zakresie cyfrowej walidacji kompetencji opiekun\u00f3w rodzinnych. Dost\u0119p do platformy e-learningowej i aplikacji mobilnej do oceny Wytyczne i Zalecenia Wytyczne i zalecenia sk\u0142adaj\u0105 si\u0119 z zestawu wytycznych i zalece\u0144 maj\u0105cych na celu wspieranie przejrzysto\u015bci i uznawania cyfrowej oceny wcze\u015bniejszej wiedzy i umiej\u0119tno\u015bci doros\u0142ych s\u0142uchaczy, a tak\u017ce s\u0105 dostosowane do innych europejskich instrument\u00f3w przejrzysto\u015bci i uznawania, takich jak ECVET, EQAVET, EQF lub Europass. Ten kompleksowy dokument referencyjny zintegruje inne wyniki, w tym metody oceny opracowane w Virtual CAMPUS, aplikacj\u0119 do oceny mobilnej oraz wnioski wyci\u0105gni\u0119te podczas fazy pilota\u017cowej. Wytyczne i zalecenia dotycz\u0105ce dost\u0119pu<\/p>\n","protected":false},"author":1,"featured_media":0,"parent":0,"menu_order":0,"comment_status":"closed","ping_status":"closed","template":"elementor_header_footer","meta":{"footnotes":""},"class_list":["post-821","page","type-page","status-publish","hentry"],"_links":{"self":[{"href":"https:\/\/familycare.disruptia.es\/pl\/wp-json\/wp\/v2\/pages\/821","targetHints":{"allow":["GET"]}}],"collection":[{"href":"https:\/\/familycare.disruptia.es\/pl\/wp-json\/wp\/v2\/pages"}],"about":[{"href":"https:\/\/familycare.disruptia.es\/pl\/wp-json\/wp\/v2\/types\/page"}],"author":[{"embeddable":true,"href":"https:\/\/familycare.disruptia.es\/pl\/wp-json\/wp\/v2\/users\/1"}],"replies":[{"embeddable":true,"href":"https:\/\/familycare.disruptia.es\/pl\/wp-json\/wp\/v2\/comments?post=821"}],"version-history":[{"count":11,"href":"https:\/\/familycare.disruptia.es\/pl\/wp-json\/wp\/v2\/pages\/821\/revisions"}],"predecessor-version":[{"id":1792,"href":"https:\/\/familycare.disruptia.es\/pl\/wp-json\/wp\/v2\/pages\/821\/revisions\/1792"}],"wp:attachment":[{"href":"https:\/\/familycare.disruptia.es\/pl\/wp-json\/wp\/v2\/media?parent=821"}],"curies":[{"name":"wp","href":"https:\/\/api.w.org\/{rel}","templated":true}]}}