{"id":823,"date":"2023-10-29T17:43:47","date_gmt":"2023-10-29T16:43:47","guid":{"rendered":"https:\/\/familycare.disruptia.es\/project-results\/"},"modified":"2026-01-14T19:19:28","modified_gmt":"2026-01-14T18:19:28","slug":"project-results","status":"publish","type":"page","link":"https:\/\/familycare.disruptia.es\/tr\/project-results\/","title":{"rendered":"Proje Sonu\u00e7lar\u0131"},"content":{"rendered":"\t\t<div data-elementor-type=\"wp-page\" data-elementor-id=\"823\" class=\"elementor elementor-823 elementor-23\">\n\t\t\t\t\t\t<section class=\"elementor-section elementor-top-section elementor-element elementor-element-39b909c elementor-section-boxed elementor-section-height-default elementor-section-height-default wpr-particle-no wpr-jarallax-no wpr-parallax-no wpr-sticky-section-no wpr-equal-height-no\" data-id=\"39b909c\" data-element_type=\"section\" data-e-type=\"section\" data-settings=\"{&quot;background_background&quot;:&quot;classic&quot;}\">\n\t\t\t\t\t\t\t<div class=\"elementor-background-overlay\"><\/div>\n\t\t\t\t\t\t\t<div class=\"elementor-container elementor-column-gap-default\">\n\t\t\t\t\t<div class=\"elementor-column elementor-col-100 elementor-top-column elementor-element elementor-element-effba05\" data-id=\"effba05\" data-element_type=\"column\" data-e-type=\"column\">\n\t\t\t<div class=\"elementor-widget-wrap elementor-element-populated\">\n\t\t\t\t\t\t<div class=\"elementor-element elementor-element-e4a92e6 elementor-widget elementor-widget-heading\" data-id=\"e4a92e6\" data-element_type=\"widget\" data-e-type=\"widget\" data-widget_type=\"heading.default\">\n\t\t\t\t<div class=\"elementor-widget-container\">\n\t\t\t\t\t<h2 class=\"elementor-heading-title elementor-size-default\">Proje Sonu\u00e7lar\u0131<\/h2>\t\t\t\t<\/div>\n\t\t\t\t<\/div>\n\t\t\t\t<div class=\"elementor-element elementor-element-46b32e9 elementor-widget elementor-widget-text-editor\" data-id=\"46b32e9\" data-element_type=\"widget\" data-e-type=\"widget\" data-widget_type=\"text-editor.default\">\n\t\t\t\t<div class=\"elementor-widget-container\">\n\t\t\t\t\t\t\t\t\t<p>FAMILY CARE<\/p>\t\t\t\t\t\t\t\t<\/div>\n\t\t\t\t<\/div>\n\t\t\t\t\t<\/div>\n\t\t<\/div>\n\t\t\t\t\t<\/div>\n\t\t<\/section>\n\t\t\t\t<section class=\"wpr-jarallax elementor-section elementor-top-section elementor-element elementor-element-23259c4 wpr-jarallax-yes elementor-section-boxed elementor-section-height-default elementor-section-height-default wpr-particle-no wpr-parallax-no wpr-sticky-section-no wpr-equal-height-no\" speed-data=\"1.4\" bg-image=\"\" bg-image-mobile=\"\" scroll-effect=\"scroll\" data-id=\"23259c4\" data-element_type=\"section\" data-e-type=\"section\" data-settings=\"{&quot;background_background&quot;:&quot;classic&quot;}\">\n\t\t\t\t\t\t<div class=\"elementor-container elementor-column-gap-default\">\n\t\t\t\t\t<div class=\"elementor-column elementor-col-50 elementor-top-column elementor-element elementor-element-f82221b elementor-invisible\" data-id=\"f82221b\" data-element_type=\"column\" data-e-type=\"column\" data-settings=\"{&quot;animation&quot;:&quot;slideInLeft&quot;}\">\n\t\t\t<div class=\"elementor-widget-wrap elementor-element-populated\">\n\t\t\t\t\t\t<div class=\"elementor-element elementor-element-e3a3f27 elementor-widget elementor-widget-heading\" data-id=\"e3a3f27\" data-element_type=\"widget\" data-e-type=\"widget\" data-widget_type=\"heading.default\">\n\t\t\t\t<div class=\"elementor-widget-container\">\n\t\t\t\t\t<h2 class=\"elementor-heading-title elementor-size-default\">Aile Bak\u0131c\u0131lar\u0131 i\u00e7in yeterliliklerin dijital olarak do\u011frulanmas\u0131nda Avrupa Yeterlilikler \u00c7er\u00e7evesi\n<\/h2>\t\t\t\t<\/div>\n\t\t\t\t<\/div>\n\t\t\t\t<div class=\"elementor-element elementor-element-2c8620d elementor-widget elementor-widget-text-editor\" data-id=\"2c8620d\" data-element_type=\"widget\" data-e-type=\"widget\" data-widget_type=\"text-editor.default\">\n\t\t\t\t<div class=\"elementor-widget-container\">\n\t\t\t\t\t\t\t\t\t<p>Avrupa Yeterlilikler \u00c7er\u00e7evesi, Avrupa standartlar\u0131n\u0131 ve EQF gibi referans \u00e7er\u00e7evelerini izleyerek, Avrupa \u00e7ap\u0131nda anla\u015f\u0131labilecek yeterlilikleri, becerileri, bilgi ve yeterlilik d\u00fczeylerini tan\u0131mlamak i\u00e7in ortak bir dil kullanarak, Aile Bak\u0131c\u0131lar\u0131 i\u00e7in yeterliliklerin dijital olarak do\u011frulanmas\u0131nda bir yeterlilik referans\u0131 sa\u011flamay\u0131 ama\u00e7lamaktad\u0131r.<\/p><p>\u00c7er\u00e7eve, Avrupa \u00e7ap\u0131nda m\u00fcfredatlar\u0131n, m\u00fcfredat k\u0131lavuzlar\u0131n\u0131n, s\u0131navlar\u0131n, ders kitaplar\u0131n\u0131n vb. haz\u0131rlanmas\u0131 i\u00e7in ortak bir temel olu\u015fturmay\u0131 ama\u00e7lamaktad\u0131r. Yeti\u015fkin \u00f6\u011frencilerin \u00f6n bilgi ve becerilerinin dijital olarak de\u011ferlendirilmesinde etkili bir \u015fekilde hareket edebilmek i\u00e7in \u00f6\u011frencilerin ne \u00f6\u011frenmeleri ve hangi bilgi ve becerileri geli\u015ftirmeleri gerekti\u011fini kapsaml\u0131 bir \u015fekilde tan\u0131mlayacakt\u0131r. E\u011fitim y\u00f6neticilerine, kurs tasar\u0131mc\u0131lar\u0131na, \u00f6\u011fretmenlere, \u00f6\u011fretmen e\u011fitmenlerine, s\u0131nav kurumlar\u0131na vb. \u00e7abalar\u0131n\u0131 konumland\u0131rmak ve koordine etmek ve sorumlu olduklar\u0131 \u00f6\u011frencilerin ger\u00e7ek ihtiya\u00e7lar\u0131n\u0131 kar\u015f\u0131lamalar\u0131n\u0131 sa\u011flamak amac\u0131yla mevcut uygulamalar\u0131 \u00fczerinde d\u00fc\u015f\u00fcnmeleri i\u00e7in ara\u00e7lar sa\u011flayacakt\u0131r.<\/p>\t\t\t\t\t\t\t\t<\/div>\n\t\t\t\t<\/div>\n\t\t\t\t<div class=\"elementor-element elementor-element-a785080 elementor-icon-list--layout-traditional elementor-list-item-link-full_width elementor-widget elementor-widget-icon-list\" data-id=\"a785080\" data-element_type=\"widget\" data-e-type=\"widget\" data-widget_type=\"icon-list.default\">\n\t\t\t\t<div class=\"elementor-widget-container\">\n\t\t\t\t\t\t\t<ul class=\"elementor-icon-list-items\">\n\t\t\t\t\t\t\t<li class=\"elementor-icon-list-item\">\n\t\t\t\t\t\t\t\t\t\t\t<a href=\"https:\/\/familycare.disruptia.es\/wp-content\/uploads\/2025\/07\/Family-Care_WP2_EFC_FINAL.docx.pdf\" target=\"_blank\">\n\n\t\t\t\t\t\t\t\t\t\t\t\t<span class=\"elementor-icon-list-icon\">\n\t\t\t\t\t\t\t<svg aria-hidden=\"true\" class=\"e-font-icon-svg e-fas-check-circle\" viewBox=\"0 0 512 512\" xmlns=\"http:\/\/www.w3.org\/2000\/svg\"><path d=\"M504 256c0 136.967-111.033 248-248 248S8 392.967 8 256 119.033 8 256 8s248 111.033 248 248zM227.314 387.314l184-184c6.248-6.248 6.248-16.379 0-22.627l-22.627-22.627c-6.248-6.249-16.379-6.249-22.628 0L216 308.118l-70.059-70.059c-6.248-6.248-16.379-6.248-22.628 0l-22.627 22.627c-6.248 6.248-6.248 16.379 0 22.627l104 104c6.249 6.249 16.379 6.249 22.628.001z\"><\/path><\/svg>\t\t\t\t\t\t<\/span>\n\t\t\t\t\t\t\t\t\t\t<span class=\"elementor-icon-list-text\">Avrupa Yeterlilikler \u00c7er\u00e7evesi'ni indirin<\/span>\n\t\t\t\t\t\t\t\t\t\t\t<\/a>\n\t\t\t\t\t\t\t\t\t<\/li>\n\t\t\t\t\t\t<\/ul>\n\t\t\t\t\t\t<\/div>\n\t\t\t\t<\/div>\n\t\t\t\t\t<\/div>\n\t\t<\/div>\n\t\t\t\t<div class=\"elementor-column elementor-col-50 elementor-top-column elementor-element elementor-element-0f65470 elementor-hidden-tablet elementor-hidden-mobile elementor-invisible\" data-id=\"0f65470\" data-element_type=\"column\" data-e-type=\"column\" data-settings=\"{&quot;animation&quot;:&quot;slideInRight&quot;,&quot;animation_delay&quot;:100}\">\n\t\t\t<div class=\"elementor-widget-wrap elementor-element-populated\">\n\t\t\t\t\t\t<div class=\"elementor-element elementor-element-5de006f elementor-widget elementor-widget-image\" data-id=\"5de006f\" data-element_type=\"widget\" data-e-type=\"widget\" data-widget_type=\"image.default\">\n\t\t\t\t<div class=\"elementor-widget-container\">\n\t\t\t\t\t\t\t\t\t\t\t\t\t\t\t<img fetchpriority=\"high\" decoding=\"async\" width=\"800\" height=\"534\" src=\"https:\/\/familycare.disruptia.es\/wp-content\/uploads\/2024\/03\/fcare-2.jpg\" class=\"attachment-large size-large wp-image-600\" alt=\"\" srcset=\"https:\/\/familycare.disruptia.es\/wp-content\/uploads\/2024\/03\/fcare-2.jpg 800w, https:\/\/familycare.disruptia.es\/wp-content\/uploads\/2024\/03\/fcare-2-300x200.jpg 300w, https:\/\/familycare.disruptia.es\/wp-content\/uploads\/2024\/03\/fcare-2-768x513.jpg 768w\" sizes=\"(max-width: 800px) 100vw, 800px\" \/>\t\t\t\t\t\t\t\t\t\t\t\t\t\t\t<\/div>\n\t\t\t\t<\/div>\n\t\t\t\t\t<\/div>\n\t\t<\/div>\n\t\t\t\t\t<\/div>\n\t\t<\/section>\n\t\t\t\t<section class=\"wpr-jarallax elementor-section elementor-top-section elementor-element elementor-element-1fd8fa1 wpr-jarallax-yes elementor-section-boxed elementor-section-height-default elementor-section-height-default wpr-particle-no wpr-parallax-no wpr-sticky-section-no wpr-equal-height-no\" speed-data=\"1.4\" bg-image=\"\" bg-image-mobile=\"\" scroll-effect=\"scroll\" data-id=\"1fd8fa1\" data-element_type=\"section\" data-e-type=\"section\" data-settings=\"{&quot;background_background&quot;:&quot;classic&quot;}\">\n\t\t\t\t\t\t\t<div class=\"elementor-background-overlay\"><\/div>\n\t\t\t\t\t\t\t<div class=\"elementor-container elementor-column-gap-default\">\n\t\t\t\t\t<div class=\"elementor-column elementor-col-50 elementor-top-column elementor-element elementor-element-30ad064 elementor-invisible\" data-id=\"30ad064\" data-element_type=\"column\" data-e-type=\"column\" data-settings=\"{&quot;animation&quot;:&quot;slideInLeft&quot;}\">\n\t\t\t<div class=\"elementor-widget-wrap elementor-element-populated\">\n\t\t\t\t\t\t<div class=\"elementor-element elementor-element-505fe2f elementor-widget elementor-widget-heading\" data-id=\"505fe2f\" data-element_type=\"widget\" data-e-type=\"widget\" data-widget_type=\"heading.default\">\n\t\t\t\t<div class=\"elementor-widget-container\">\n\t\t\t\t\t<h2 class=\"elementor-heading-title elementor-size-default\">A\u0130LE BAKIMI Sanal KAMP\u00dcS ve Mobil De\u011ferlendirme Uygulamas\u0131<\/h2>\t\t\t\t<\/div>\n\t\t\t\t<\/div>\n\t\t\t\t<div class=\"elementor-element elementor-element-b9b70fb elementor-widget elementor-widget-text-editor\" data-id=\"b9b70fb\" data-element_type=\"widget\" data-e-type=\"widget\" data-widget_type=\"text-editor.default\">\n\t\t\t\t<div class=\"elementor-widget-container\">\n\t\t\t\t\t\t\t\t\t<p>Sanal KAMP\u00dcS, yeti\u015fkin \u00f6\u011fretmenlerin, dan\u0131\u015fmanlar\u0131n ve rehberlik uzmanlar\u0131n\u0131n, yeti\u015fkin \u00f6\u011frencilerin \u00f6n bilgi ve becerilerinin dijital olarak de\u011ferlendirilmesiyle ilgili olarak aile bak\u0131c\u0131lar\u0131n\u0131 destekleme yeterliliklerini elde etmelerini sa\u011flayacakt\u0131r. Proje faaliyetlerini ve sonu\u00e7lar\u0131n\u0131 yayg\u0131nla\u015ft\u0131rmak i\u00e7in payda\u015flar ve hedef gruplar i\u00e7in bir a\u011f olu\u015fturma, payla\u015f\u0131m ve tan\u0131t\u0131m merkezi olarak \u00e7al\u0131\u015facakt\u0131r. Bu sonucun beklenen etkisi, ulusal ve Avrupa d\u00fczeyinde geli\u015ftirilecek, yenilik\u00e7i bir B\u0130T tabanl\u0131 ara\u00e7 arac\u0131l\u0131\u011f\u0131yla Aile Bak\u0131c\u0131lar\u0131 i\u00e7in yeterliliklerin dijital olarak do\u011frulanmas\u0131nda e\u011fitim faaliyetlerinin geli\u015ftirilmesini kolayla\u015ft\u0131racak ve iyile\u015ftirecek ve beceri geli\u015ftirme yollar\u0131n\u0131n olu\u015fturulmas\u0131na, eri\u015filebilirli\u011fin iyile\u015ftirilmesine ve yeti\u015fkin e\u011fitiminin al\u0131nmas\u0131n\u0131n art\u0131r\u0131lmas\u0131na katk\u0131da bulunacakt\u0131r.<\/p><p>Mobil De\u011ferlendirme Uygulamas\u0131, Aile Bak\u0131c\u0131lar\u0131 i\u00e7in yeterliliklerin dijital olarak do\u011frulanmas\u0131na ili\u015fkin yeterlilikleri de\u011ferlendirmek i\u00e7in pratik ve yenilik\u00e7i bir B\u0130T tabanl\u0131 ara\u00e7t\u0131r.<\/p><p>\u00a0<\/p>\t\t\t\t\t\t\t\t<\/div>\n\t\t\t\t<\/div>\n\t\t\t\t<div class=\"elementor-element elementor-element-38e84fa elementor-icon-list--layout-traditional elementor-list-item-link-full_width elementor-widget elementor-widget-icon-list\" data-id=\"38e84fa\" data-element_type=\"widget\" data-e-type=\"widget\" data-widget_type=\"icon-list.default\">\n\t\t\t\t<div class=\"elementor-widget-container\">\n\t\t\t\t\t\t\t<ul class=\"elementor-icon-list-items\">\n\t\t\t\t\t\t\t<li class=\"elementor-icon-list-item\">\n\t\t\t\t\t\t\t\t\t\t\t<a href=\"https:\/\/familycarelms.disruptia.es\/tr\/\" target=\"_blank\">\n\n\t\t\t\t\t\t\t\t\t\t\t\t<span class=\"elementor-icon-list-icon\">\n\t\t\t\t\t\t\t<svg aria-hidden=\"true\" class=\"e-font-icon-svg e-fas-check-circle\" viewBox=\"0 0 512 512\" xmlns=\"http:\/\/www.w3.org\/2000\/svg\"><path d=\"M504 256c0 136.967-111.033 248-248 248S8 392.967 8 256 119.033 8 256 8s248 111.033 248 248zM227.314 387.314l184-184c6.248-6.248 6.248-16.379 0-22.627l-22.627-22.627c-6.248-6.249-16.379-6.249-22.628 0L216 308.118l-70.059-70.059c-6.248-6.248-16.379-6.248-22.628 0l-22.627 22.627c-6.248 6.248-6.248 16.379 0 22.627l104 104c6.249 6.249 16.379 6.249 22.628.001z\"><\/path><\/svg>\t\t\t\t\t\t<\/span>\n\t\t\t\t\t\t\t\t\t\t<span class=\"elementor-icon-list-text\">E-\u00d6\u011frenim Platformuna ve Mobil De\u011ferlendirme Uygulamas\u0131na Eri\u015fim<\/span>\n\t\t\t\t\t\t\t\t\t\t\t<\/a>\n\t\t\t\t\t\t\t\t\t<\/li>\n\t\t\t\t\t\t<\/ul>\n\t\t\t\t\t\t<\/div>\n\t\t\t\t<\/div>\n\t\t\t\t\t<\/div>\n\t\t<\/div>\n\t\t\t\t<div class=\"elementor-column elementor-col-50 elementor-top-column elementor-element elementor-element-a91be85 elementor-hidden-tablet elementor-hidden-mobile elementor-invisible\" data-id=\"a91be85\" data-element_type=\"column\" data-e-type=\"column\" data-settings=\"{&quot;animation&quot;:&quot;slideInRight&quot;,&quot;animation_delay&quot;:100}\">\n\t\t\t<div class=\"elementor-widget-wrap elementor-element-populated\">\n\t\t\t\t\t\t<div class=\"elementor-element elementor-element-c9e664b elementor-widget elementor-widget-image\" data-id=\"c9e664b\" data-element_type=\"widget\" data-e-type=\"widget\" data-widget_type=\"image.default\">\n\t\t\t\t<div class=\"elementor-widget-container\">\n\t\t\t\t\t\t\t\t\t\t\t\t\t\t\t<img decoding=\"async\" width=\"800\" height=\"533\" src=\"https:\/\/familycare.disruptia.es\/wp-content\/uploads\/2024\/03\/fcare-3.jpg\" class=\"attachment-large size-large wp-image-605\" alt=\"\" srcset=\"https:\/\/familycare.disruptia.es\/wp-content\/uploads\/2024\/03\/fcare-3.jpg 800w, https:\/\/familycare.disruptia.es\/wp-content\/uploads\/2024\/03\/fcare-3-300x200.jpg 300w, https:\/\/familycare.disruptia.es\/wp-content\/uploads\/2024\/03\/fcare-3-768x512.jpg 768w\" sizes=\"(max-width: 800px) 100vw, 800px\" \/>\t\t\t\t\t\t\t\t\t\t\t\t\t\t\t<\/div>\n\t\t\t\t<\/div>\n\t\t\t\t\t<\/div>\n\t\t<\/div>\n\t\t\t\t\t<\/div>\n\t\t<\/section>\n\t\t\t\t<section class=\"elementor-section elementor-top-section elementor-element elementor-element-b1303d9 elementor-section-boxed elementor-section-height-default elementor-section-height-default wpr-particle-no wpr-jarallax-no wpr-parallax-no wpr-sticky-section-no wpr-equal-height-no\" data-id=\"b1303d9\" data-element_type=\"section\" data-e-type=\"section\" data-settings=\"{&quot;background_background&quot;:&quot;classic&quot;}\">\n\t\t\t\t\t\t\t<div class=\"elementor-background-overlay\"><\/div>\n\t\t\t\t\t\t\t<div class=\"elementor-container elementor-column-gap-wide\">\n\t\t\t\t\t<div class=\"elementor-column elementor-col-50 elementor-top-column elementor-element elementor-element-1d73277\" data-id=\"1d73277\" data-element_type=\"column\" data-e-type=\"column\">\n\t\t\t<div class=\"elementor-widget-wrap elementor-element-populated\">\n\t\t\t\t\t\t<div class=\"elementor-element elementor-element-542e55f elementor-widget elementor-widget-heading\" data-id=\"542e55f\" data-element_type=\"widget\" data-e-type=\"widget\" data-widget_type=\"heading.default\">\n\t\t\t\t<div class=\"elementor-widget-container\">\n\t\t\t\t\t<h2 class=\"elementor-heading-title elementor-size-default\">K\u0131lavuz \u0130lkeler ve Tavsiyeler<\/h2>\t\t\t\t<\/div>\n\t\t\t\t<\/div>\n\t\t\t\t<div class=\"elementor-element elementor-element-625f0df elementor-widget elementor-widget-text-editor\" data-id=\"625f0df\" data-element_type=\"widget\" data-e-type=\"widget\" data-widget_type=\"text-editor.default\">\n\t\t\t\t<div class=\"elementor-widget-container\">\n\t\t\t\t\t\t\t\t\t<p>K\u0131lavuz ve tavsiyeler, ECVET, EQAVET, EQF veya Europass gibi di\u011fer Avrupa \u015feffafl\u0131k ve tan\u0131nma ara\u00e7lar\u0131yla da uyumlu olacak \u015fekilde, yeti\u015fkin \u00f6\u011frenicilerin \u00f6nceki bilgi ve becerilerinin dijital de\u011ferlendirmesinde \u015feffafl\u0131\u011f\u0131 ve tan\u0131nmay\u0131 te\u015fvik etmek i\u00e7in bir dizi k\u0131lavuz ve tavsiyeden olu\u015fmaktad\u0131r. Bu kapsaml\u0131 referans belgesi, Sanal KAMP\u00dcS&#8217;te tasarlanan de\u011ferlendirme y\u00f6ntemleri, Mobil De\u011ferlendirme Uygulamas\u0131 ve pilot uygulama a\u015famas\u0131nda \u00f6\u011frenilen dersler de dahil olmak \u00fczere di\u011fer sonu\u00e7lar\u0131 da entegre edecektir.<\/p>\t\t\t\t\t\t\t\t<\/div>\n\t\t\t\t<\/div>\n\t\t\t\t<div class=\"elementor-element elementor-element-e9386f9 elementor-icon-list--layout-traditional elementor-list-item-link-full_width elementor-widget elementor-widget-icon-list\" data-id=\"e9386f9\" data-element_type=\"widget\" data-e-type=\"widget\" data-widget_type=\"icon-list.default\">\n\t\t\t\t<div class=\"elementor-widget-container\">\n\t\t\t\t\t\t\t<ul class=\"elementor-icon-list-items\">\n\t\t\t\t\t\t\t<li class=\"elementor-icon-list-item\">\n\t\t\t\t\t\t\t\t\t\t\t<a href=\"https:\/\/familycare.disruptia.es\/wp-content\/uploads\/2026\/01\/FC_Guidelines-and-Recommendations.TK_.docx-1.pdf\" target=\"_blank\">\n\n\t\t\t\t\t\t\t\t\t\t\t\t<span class=\"elementor-icon-list-icon\">\n\t\t\t\t\t\t\t<svg aria-hidden=\"true\" class=\"e-font-icon-svg e-fas-check-circle\" viewBox=\"0 0 512 512\" xmlns=\"http:\/\/www.w3.org\/2000\/svg\"><path d=\"M504 256c0 136.967-111.033 248-248 248S8 392.967 8 256 119.033 8 256 8s248 111.033 248 248zM227.314 387.314l184-184c6.248-6.248 6.248-16.379 0-22.627l-22.627-22.627c-6.248-6.249-16.379-6.249-22.628 0L216 308.118l-70.059-70.059c-6.248-6.248-16.379-6.248-22.628 0l-22.627 22.627c-6.248 6.248-6.248 16.379 0 22.627l104 104c6.249 6.249 16.379 6.249 22.628.001z\"><\/path><\/svg>\t\t\t\t\t\t<\/span>\n\t\t\t\t\t\t\t\t\t\t<span class=\"elementor-icon-list-text\">Eri\u015fim K\u0131lavuzlar\u0131 ve \u00d6nerileri<\/span>\n\t\t\t\t\t\t\t\t\t\t\t<\/a>\n\t\t\t\t\t\t\t\t\t<\/li>\n\t\t\t\t\t\t<\/ul>\n\t\t\t\t\t\t<\/div>\n\t\t\t\t<\/div>\n\t\t\t\t\t<\/div>\n\t\t<\/div>\n\t\t\t\t<div class=\"elementor-column elementor-col-50 elementor-top-column elementor-element elementor-element-8406f64 elementor-hidden-tablet elementor-hidden-mobile\" data-id=\"8406f64\" data-element_type=\"column\" data-e-type=\"column\">\n\t\t\t<div class=\"elementor-widget-wrap elementor-element-populated\">\n\t\t\t\t\t\t<div class=\"elementor-element elementor-element-c4989af elementor-invisible elementor-widget elementor-widget-image\" data-id=\"c4989af\" data-element_type=\"widget\" data-e-type=\"widget\" data-settings=\"{&quot;_animation&quot;:&quot;fadeIn&quot;}\" data-widget_type=\"image.default\">\n\t\t\t\t<div class=\"elementor-widget-container\">\n\t\t\t\t\t\t\t\t\t\t\t\t\t\t\t<img decoding=\"async\" width=\"800\" height=\"450\" src=\"https:\/\/familycare.disruptia.es\/wp-content\/uploads\/2024\/03\/fcare-1.jpg\" class=\"attachment-large size-large wp-image-595\" alt=\"\" srcset=\"https:\/\/familycare.disruptia.es\/wp-content\/uploads\/2024\/03\/fcare-1.jpg 800w, https:\/\/familycare.disruptia.es\/wp-content\/uploads\/2024\/03\/fcare-1-300x169.jpg 300w, https:\/\/familycare.disruptia.es\/wp-content\/uploads\/2024\/03\/fcare-1-768x432.jpg 768w\" sizes=\"(max-width: 800px) 100vw, 800px\" \/>\t\t\t\t\t\t\t\t\t\t\t\t\t\t\t<\/div>\n\t\t\t\t<\/div>\n\t\t\t\t\t<\/div>\n\t\t<\/div>\n\t\t\t\t\t<\/div>\n\t\t<\/section>\n\t\t\t\t<\/div>\n\t\t","protected":false},"excerpt":{"rendered":"<p>Proje Sonu\u00e7lar\u0131 FAMILY CARE Aile Bak\u0131c\u0131lar\u0131 i\u00e7in yeterliliklerin dijital olarak do\u011frulanmas\u0131nda Avrupa Yeterlilikler \u00c7er\u00e7evesi Avrupa Yeterlilikler \u00c7er\u00e7evesi, Avrupa standartlar\u0131n\u0131 ve EQF gibi referans \u00e7er\u00e7evelerini izleyerek, Avrupa \u00e7ap\u0131nda anla\u015f\u0131labilecek yeterlilikleri, becerileri, bilgi ve yeterlilik d\u00fczeylerini tan\u0131mlamak i\u00e7in ortak bir dil kullanarak, Aile Bak\u0131c\u0131lar\u0131 i\u00e7in yeterliliklerin dijital olarak do\u011frulanmas\u0131nda bir yeterlilik referans\u0131 sa\u011flamay\u0131 ama\u00e7lamaktad\u0131r. \u00c7er\u00e7eve, Avrupa \u00e7ap\u0131nda m\u00fcfredatlar\u0131n, m\u00fcfredat k\u0131lavuzlar\u0131n\u0131n, s\u0131navlar\u0131n, ders kitaplar\u0131n\u0131n vb. haz\u0131rlanmas\u0131 i\u00e7in ortak bir temel olu\u015fturmay\u0131 ama\u00e7lamaktad\u0131r. Yeti\u015fkin \u00f6\u011frencilerin \u00f6n bilgi ve becerilerinin dijital olarak de\u011ferlendirilmesinde etkili bir \u015fekilde hareket edebilmek i\u00e7in \u00f6\u011frencilerin ne \u00f6\u011frenmeleri ve hangi bilgi ve becerileri geli\u015ftirmeleri gerekti\u011fini kapsaml\u0131 bir \u015fekilde tan\u0131mlayacakt\u0131r. E\u011fitim y\u00f6neticilerine, kurs tasar\u0131mc\u0131lar\u0131na, \u00f6\u011fretmenlere, \u00f6\u011fretmen e\u011fitmenlerine, s\u0131nav kurumlar\u0131na vb. \u00e7abalar\u0131n\u0131 konumland\u0131rmak ve koordine etmek ve sorumlu olduklar\u0131 \u00f6\u011frencilerin ger\u00e7ek ihtiya\u00e7lar\u0131n\u0131 kar\u015f\u0131lamalar\u0131n\u0131 sa\u011flamak amac\u0131yla mevcut uygulamalar\u0131 \u00fczerinde d\u00fc\u015f\u00fcnmeleri i\u00e7in ara\u00e7lar sa\u011flayacakt\u0131r. Avrupa Yeterlilikler \u00c7er\u00e7evesi&#8217;ni indirin A\u0130LE BAKIMI Sanal KAMP\u00dcS ve Mobil De\u011ferlendirme Uygulamas\u0131 Sanal KAMP\u00dcS, yeti\u015fkin \u00f6\u011fretmenlerin, dan\u0131\u015fmanlar\u0131n ve rehberlik uzmanlar\u0131n\u0131n, yeti\u015fkin \u00f6\u011frencilerin \u00f6n bilgi ve becerilerinin dijital olarak de\u011ferlendirilmesiyle ilgili olarak aile bak\u0131c\u0131lar\u0131n\u0131 destekleme yeterliliklerini elde etmelerini sa\u011flayacakt\u0131r. Proje faaliyetlerini ve sonu\u00e7lar\u0131n\u0131 yayg\u0131nla\u015ft\u0131rmak i\u00e7in payda\u015flar ve hedef gruplar i\u00e7in bir a\u011f olu\u015fturma, payla\u015f\u0131m ve tan\u0131t\u0131m merkezi olarak \u00e7al\u0131\u015facakt\u0131r. Bu sonucun beklenen etkisi, ulusal ve Avrupa d\u00fczeyinde geli\u015ftirilecek, yenilik\u00e7i bir B\u0130T tabanl\u0131 ara\u00e7 arac\u0131l\u0131\u011f\u0131yla Aile Bak\u0131c\u0131lar\u0131 i\u00e7in yeterliliklerin dijital olarak do\u011frulanmas\u0131nda e\u011fitim faaliyetlerinin geli\u015ftirilmesini kolayla\u015ft\u0131racak ve iyile\u015ftirecek ve beceri geli\u015ftirme yollar\u0131n\u0131n olu\u015fturulmas\u0131na, eri\u015filebilirli\u011fin iyile\u015ftirilmesine ve yeti\u015fkin e\u011fitiminin al\u0131nmas\u0131n\u0131n art\u0131r\u0131lmas\u0131na katk\u0131da bulunacakt\u0131r. Mobil De\u011ferlendirme Uygulamas\u0131, Aile Bak\u0131c\u0131lar\u0131 i\u00e7in yeterliliklerin dijital olarak do\u011frulanmas\u0131na ili\u015fkin yeterlilikleri de\u011ferlendirmek i\u00e7in pratik ve yenilik\u00e7i bir B\u0130T tabanl\u0131 ara\u00e7t\u0131r. \u00a0 E-\u00d6\u011frenim Platformuna ve Mobil De\u011ferlendirme Uygulamas\u0131na Eri\u015fim K\u0131lavuz \u0130lkeler ve Tavsiyeler K\u0131lavuz ve tavsiyeler, ECVET, EQAVET, EQF veya Europass gibi di\u011fer Avrupa \u015feffafl\u0131k ve tan\u0131nma ara\u00e7lar\u0131yla da uyumlu olacak \u015fekilde, yeti\u015fkin \u00f6\u011frenicilerin \u00f6nceki bilgi ve becerilerinin dijital de\u011ferlendirmesinde \u015feffafl\u0131\u011f\u0131 ve tan\u0131nmay\u0131 te\u015fvik etmek i\u00e7in bir dizi k\u0131lavuz ve tavsiyeden olu\u015fmaktad\u0131r. Bu kapsaml\u0131 referans belgesi, Sanal KAMP\u00dcS&#8217;te tasarlanan de\u011ferlendirme y\u00f6ntemleri, Mobil De\u011ferlendirme Uygulamas\u0131 ve pilot uygulama a\u015famas\u0131nda \u00f6\u011frenilen dersler de dahil olmak \u00fczere di\u011fer sonu\u00e7lar\u0131 da entegre edecektir. Eri\u015fim K\u0131lavuzlar\u0131 ve \u00d6nerileri<\/p>\n","protected":false},"author":1,"featured_media":0,"parent":0,"menu_order":0,"comment_status":"closed","ping_status":"closed","template":"elementor_header_footer","meta":{"footnotes":""},"class_list":["post-823","page","type-page","status-publish","hentry"],"_links":{"self":[{"href":"https:\/\/familycare.disruptia.es\/tr\/wp-json\/wp\/v2\/pages\/823","targetHints":{"allow":["GET"]}}],"collection":[{"href":"https:\/\/familycare.disruptia.es\/tr\/wp-json\/wp\/v2\/pages"}],"about":[{"href":"https:\/\/familycare.disruptia.es\/tr\/wp-json\/wp\/v2\/types\/page"}],"author":[{"embeddable":true,"href":"https:\/\/familycare.disruptia.es\/tr\/wp-json\/wp\/v2\/users\/1"}],"replies":[{"embeddable":true,"href":"https:\/\/familycare.disruptia.es\/tr\/wp-json\/wp\/v2\/comments?post=823"}],"version-history":[{"count":10,"href":"https:\/\/familycare.disruptia.es\/tr\/wp-json\/wp\/v2\/pages\/823\/revisions"}],"predecessor-version":[{"id":1786,"href":"https:\/\/familycare.disruptia.es\/tr\/wp-json\/wp\/v2\/pages\/823\/revisions\/1786"}],"wp:attachment":[{"href":"https:\/\/familycare.disruptia.es\/tr\/wp-json\/wp\/v2\/media?parent=823"}],"curies":[{"name":"wp","href":"https:\/\/api.w.org\/{rel}","templated":true}]}}